{"id":1188,"date":"2022-10-26T08:52:59","date_gmt":"2022-10-26T08:52:59","guid":{"rendered":"https:\/\/filmsman.hu\/?page_id=1188"},"modified":"2023-03-05T10:39:35","modified_gmt":"2023-03-05T10:39:35","slug":"turisztikai-filmek","status":"publish","type":"page","link":"https:\/\/filmsman.hu\/hu\/turisztikai-filmek\/","title":{"rendered":"Turisztikai filmek"},"content":{"rendered":"<div data-elementor-type=\"wp-page\" data-elementor-id=\"1188\" class=\"elementor elementor-1188\" data-elementor-post-type=\"page\">\n\t\t\t\t<div class=\"elementor-element elementor-element-9396838 e-flex e-con-boxed e-con e-parent\" data-id=\"9396838\" data-element_type=\"container\" data-settings=\"{&quot;background_background&quot;:&quot;classic&quot;}\">\n\t\t\t\t\t<div class=\"e-con-inner\">\n\t\t<div class=\"elementor-element elementor-element-6879f66 e-con-full e-flex e-con e-child\" data-id=\"6879f66\" data-element_type=\"container\">\n\t\t\t\t<div class=\"elementor-element elementor-element-74819f1 elementor-widget elementor-widget-button\" data-id=\"74819f1\" data-element_type=\"widget\" data-widget_type=\"button.default\">\n\t\t\t\t\t\t\t\t\t\t<a class=\"elementor-button elementor-button-link elementor-size-sm\" href=\"https:\/\/filmsman.hu\/hu\/referenciak\/\">\n\t\t\t\t\t\t<span class=\"elementor-button-content-wrapper\">\n\t\t\t\t\t\t<span class=\"elementor-button-icon\">\n\t\t\t\t<svg aria-hidden=\"true\" class=\"e-font-icon-svg e-fas-arrow-left\" viewbox=\"0 0 448 512\" xmlns=\"http:\/\/www.w3.org\/2000\/svg\"><path d=\"M257.5 445.1l-22.2 22.2c-9.4 9.4-24.6 9.4-33.9 0L7 273c-9.4-9.4-9.4-24.6 0-33.9L201.4 44.7c9.4-9.4 24.6-9.4 33.9 0l22.2 22.2c9.5 9.5 9.3 25-.4 34.3L136.6 216H424c13.3 0 24 10.7 24 24v32c0 13.3-10.7 24-24 24H136.6l120.5 114.8c9.8 9.3 10 24.8.4 34.3z\"><\/path><\/svg>\t\t\t<\/span>\n\t\t\t\t\t\t\t\t\t<span class=\"elementor-button-text\">Vissza<\/span>\n\t\t\t\t\t<\/span>\n\t\t\t\t\t<\/a>\n\t\t\t\t\t\t\t\t<\/div>\n\t\t\t\t<div class=\"elementor-element elementor-element-600f306 elementor-widget elementor-widget-heading\" data-id=\"600f306\" data-element_type=\"widget\" data-widget_type=\"heading.default\">\n\t\t\t\t\t<h1 class=\"elementor-heading-title elementor-size-default\">Turisztikai filmek<\/h1>\t\t\t\t<\/div>\n\t\t\t\t<div class=\"elementor-element elementor-element-b37b77e elementor-widget elementor-widget-text-editor\" data-id=\"b37b77e\" data-element_type=\"widget\" data-widget_type=\"text-editor.default\">\n\t\t\t\t\t\t\t\t\t<p>Amennyiben term\u00e9ked\/szolg\u00e1ltat\u00e1sod a term\u00e9szethez kapcsol\u00f3dik,<br \/>ne szalaszd el a lehet\u0151s\u00e9g bemutatni annak sz\u00e9ps\u00e9g\u00e9t!<\/p>\t\t\t\t\t\t\t\t<\/div>\n\t\t<div class=\"elementor-element elementor-element-d084a40 e-flex e-con-boxed e-con e-child\" data-id=\"d084a40\" data-element_type=\"container\">\n\t\t\t\t\t<div class=\"e-con-inner\">\n\t\t<div class=\"elementor-element elementor-element-967817e e-con-full e-flex e-con e-child\" data-id=\"967817e\" data-element_type=\"container\">\n\t\t\t\t<div class=\"elementor-element elementor-element-6a71405 elementor-widget elementor-widget-video\" data-id=\"6a71405\" data-element_type=\"widget\" data-settings=\"{&quot;video_type&quot;:&quot;vimeo&quot;,&quot;show_image_overlay&quot;:&quot;yes&quot;,&quot;image_overlay&quot;:{&quot;url&quot;:&quot;https:\\\/\\\/filmsman.hu\\\/wp-content\\\/uploads\\\/2022\\\/10\\\/Filmsman-turisztikai-bemutato.webp&quot;,&quot;id&quot;:1190,&quot;size&quot;:&quot;&quot;,&quot;alt&quot;:&quot;&quot;,&quot;source&quot;:&quot;library&quot;}}\" data-widget_type=\"video.default\">\n\t\t\t\t\t\t\t<div class=\"elementor-wrapper elementor-open-inline\">\n\t\t\t<iframe class=\"elementor-video-iframe\" allowfullscreen allow=\"clipboard-write\" title=\"vimeo vide\u00f3 lej\u00e1tsz\u00f3\" src=\"https:\/\/player.vimeo.com\/video\/574115195?color&amp;autopause=0&amp;loop=0&amp;muted=0&amp;title=1&amp;portrait=1&amp;byline=1#t=\"><\/iframe>\t\t\t\t<div class=\"elementor-custom-embed-image-overlay\" style=\"background-image: url(https:\/\/filmsman.hu\/wp-content\/uploads\/2022\/10\/Filmsman-turisztikai-bemutato.webp);\">\n\t\t\t\t\t\t\t\t\t\t\t\t\t\t\t\t<div class=\"elementor-custom-embed-play\" role=\"button\" aria-label=\"Vide\u00f3 lej\u00e1tsz\u00e1sa\" tabindex=\"0\">\n\t\t\t\t\t\t\t<svg aria-hidden=\"true\" class=\"e-font-icon-svg e-eicon-play\" viewbox=\"0 0 1000 1000\" xmlns=\"http:\/\/www.w3.org\/2000\/svg\"><path d=\"M838 162C746 71 633 25 500 25 371 25 258 71 163 162 71 254 25 367 25 500 25 633 71 746 163 837 254 929 367 979 500 979 633 979 746 933 838 837 929 746 975 633 975 500 975 367 929 254 838 162M808 192C892 279 933 379 933 500 933 621 892 725 808 808 725 892 621 938 500 938 379 938 279 896 196 808 113 725 67 621 67 500 67 379 108 279 196 192 279 108 383 62 500 62 621 62 721 108 808 192M438 392V642L642 517 438 392Z\"><\/path><\/svg>\t\t\t\t\t\t<\/div>\n\t\t\t\t\t\t\t\t\t<\/div>\n\t\t\t\t\t<\/div>\n\t\t\t\t\t\t<\/div>\n\t\t\t\t<div class=\"elementor-element elementor-element-3ac50f8 elementor-widget elementor-widget-heading\" data-id=\"3ac50f8\" data-element_type=\"widget\" data-widget_type=\"heading.default\">\n\t\t\t\t\t<h4 class=\"elementor-heading-title elementor-size-default\">Fedezd fel a Balatont!<\/h4>\t\t\t\t<\/div>\n\t\t\t\t<\/div>\n\t\t<div class=\"elementor-element elementor-element-0f9350b e-con-full e-flex e-con e-child\" data-id=\"0f9350b\" data-element_type=\"container\">\n\t\t\t\t<div class=\"elementor-element elementor-element-1ed8185 elementor-widget elementor-widget-video\" data-id=\"1ed8185\" data-element_type=\"widget\" data-settings=\"{&quot;video_type&quot;:&quot;vimeo&quot;,&quot;show_image_overlay&quot;:&quot;yes&quot;,&quot;image_overlay&quot;:{&quot;url&quot;:&quot;https:\\\/\\\/filmsman.hu\\\/wp-content\\\/uploads\\\/2022\\\/10\\\/Filmsman-dron-filmezes.webp&quot;,&quot;id&quot;:1192,&quot;size&quot;:&quot;&quot;,&quot;alt&quot;:&quot;&quot;,&quot;source&quot;:&quot;library&quot;}}\" data-widget_type=\"video.default\">\n\t\t\t\t\t\t\t<div class=\"elementor-wrapper elementor-open-inline\">\n\t\t\t<iframe class=\"elementor-video-iframe\" allowfullscreen allow=\"clipboard-write\" title=\"vimeo vide\u00f3 lej\u00e1tsz\u00f3\" src=\"https:\/\/player.vimeo.com\/video\/574116443?color&amp;autopause=0&amp;loop=0&amp;muted=0&amp;title=1&amp;portrait=1&amp;byline=1#t=\"><\/iframe>\t\t\t\t<div class=\"elementor-custom-embed-image-overlay\" style=\"background-image: url(https:\/\/filmsman.hu\/wp-content\/uploads\/2022\/10\/Filmsman-dron-filmezes.webp);\">\n\t\t\t\t\t\t\t\t\t\t\t\t\t\t\t\t<div class=\"elementor-custom-embed-play\" role=\"button\" aria-label=\"Vide\u00f3 lej\u00e1tsz\u00e1sa\" tabindex=\"0\">\n\t\t\t\t\t\t\t<svg aria-hidden=\"true\" class=\"e-font-icon-svg e-eicon-play\" viewbox=\"0 0 1000 1000\" xmlns=\"http:\/\/www.w3.org\/2000\/svg\"><path d=\"M838 162C746 71 633 25 500 25 371 25 258 71 163 162 71 254 25 367 25 500 25 633 71 746 163 837 254 929 367 979 500 979 633 979 746 933 838 837 929 746 975 633 975 500 975 367 929 254 838 162M808 192C892 279 933 379 933 500 933 621 892 725 808 808 725 892 621 938 500 938 379 938 279 896 196 808 113 725 67 621 67 500 67 379 108 279 196 192 279 108 383 62 500 62 621 62 721 108 808 192M438 392V642L642 517 438 392Z\"><\/path><\/svg>\t\t\t\t\t\t<\/div>\n\t\t\t\t\t\t\t\t\t<\/div>\n\t\t\t\t\t<\/div>\n\t\t\t\t\t\t<\/div>\n\t\t\t\t<div class=\"elementor-element elementor-element-a027fb6 elementor-widget elementor-widget-heading\" data-id=\"a027fb6\" data-element_type=\"widget\" data-widget_type=\"heading.default\">\n\t\t\t\t\t<h4 class=\"elementor-heading-title elementor-size-default\">V\u00e1r a hegytet\u0151n- Csob\u00e1nc t\u00e9len<\/h4>\t\t\t\t<\/div>\n\t\t\t\t<\/div>\n\t\t<div class=\"elementor-element elementor-element-0953fd6 e-con-full e-flex e-con e-child\" data-id=\"0953fd6\" data-element_type=\"container\">\n\t\t\t\t<div class=\"elementor-element elementor-element-889e7a4 elementor-widget elementor-widget-video\" data-id=\"889e7a4\" data-element_type=\"widget\" data-settings=\"{&quot;video_type&quot;:&quot;vimeo&quot;,&quot;show_image_overlay&quot;:&quot;yes&quot;,&quot;image_overlay&quot;:{&quot;url&quot;:&quot;https:\\\/\\\/filmsman.hu\\\/wp-content\\\/uploads\\\/2022\\\/10\\\/Filmsman-turisztikai-film.webp&quot;,&quot;id&quot;:1191,&quot;size&quot;:&quot;&quot;,&quot;alt&quot;:&quot;&quot;,&quot;source&quot;:&quot;library&quot;}}\" data-widget_type=\"video.default\">\n\t\t\t\t\t\t\t<div class=\"elementor-wrapper elementor-open-inline\">\n\t\t\t<iframe class=\"elementor-video-iframe\" allowfullscreen allow=\"clipboard-write\" title=\"vimeo vide\u00f3 lej\u00e1tsz\u00f3\" src=\"https:\/\/player.vimeo.com\/video\/574118675?color&amp;autopause=0&amp;loop=0&amp;muted=0&amp;title=1&amp;portrait=1&amp;byline=1#t=\"><\/iframe>\t\t\t\t<div class=\"elementor-custom-embed-image-overlay\" style=\"background-image: url(https:\/\/filmsman.hu\/wp-content\/uploads\/2022\/10\/Filmsman-turisztikai-film.webp);\">\n\t\t\t\t\t\t\t\t\t\t\t\t\t\t\t\t<div class=\"elementor-custom-embed-play\" role=\"button\" aria-label=\"Vide\u00f3 lej\u00e1tsz\u00e1sa\" tabindex=\"0\">\n\t\t\t\t\t\t\t<svg aria-hidden=\"true\" class=\"e-font-icon-svg e-eicon-play\" viewbox=\"0 0 1000 1000\" xmlns=\"http:\/\/www.w3.org\/2000\/svg\"><path d=\"M838 162C746 71 633 25 500 25 371 25 258 71 163 162 71 254 25 367 25 500 25 633 71 746 163 837 254 929 367 979 500 979 633 979 746 933 838 837 929 746 975 633 975 500 975 367 929 254 838 162M808 192C892 279 933 379 933 500 933 621 892 725 808 808 725 892 621 938 500 938 379 938 279 896 196 808 113 725 67 621 67 500 67 379 108 279 196 192 279 108 383 62 500 62 621 62 721 108 808 192M438 392V642L642 517 438 392Z\"><\/path><\/svg>\t\t\t\t\t\t<\/div>\n\t\t\t\t\t\t\t\t\t<\/div>\n\t\t\t\t\t<\/div>\n\t\t\t\t\t\t<\/div>\n\t\t\t\t<div class=\"elementor-element elementor-element-25729b4 elementor-widget elementor-widget-heading\" data-id=\"25729b4\" data-element_type=\"widget\" data-widget_type=\"heading.default\">\n\t\t\t\t\t<h4 class=\"elementor-heading-title elementor-size-default\">Fedezd fel magad - Szent Gy\u00f6rgy-hegy<\/h4>\t\t\t\t<\/div>\n\t\t\t\t<\/div>\n\t\t\t\t\t<\/div>\n\t\t\t\t<\/div>\n\t\t\t\t<div class=\"elementor-element elementor-element-020a79a elementor-align-right elementor-mobile-align-center elementor-widget elementor-widget-button\" data-id=\"020a79a\" data-element_type=\"widget\" data-widget_type=\"button.default\">\n\t\t\t\t\t\t\t\t\t\t<a class=\"elementor-button elementor-button-link elementor-size-sm\" href=\"https:\/\/vimeo.com\/showcase\/9403532\">\n\t\t\t\t\t\t<span class=\"elementor-button-content-wrapper\">\n\t\t\t\t\t\t<span class=\"elementor-button-icon\">\n\t\t\t\t<svg aria-hidden=\"true\" class=\"e-font-icon-svg e-fas-angle-right\" viewbox=\"0 0 256 512\" xmlns=\"http:\/\/www.w3.org\/2000\/svg\"><path d=\"M224.3 273l-136 136c-9.4 9.4-24.6 9.4-33.9 0l-22.6-22.6c-9.4-9.4-9.4-24.6 0-33.9l96.4-96.4-96.4-96.4c-9.4-9.4-9.4-24.6 0-33.9L54.3 103c9.4-9.4 24.6-9.4 33.9 0l136 136c9.5 9.4 9.5 24.6.1 34z\"><\/path><\/svg>\t\t\t<\/span>\n\t\t\t\t\t\t\t\t\t<span class=\"elementor-button-text\">\u00d6sszes megtekint\u00e9se<\/span>\n\t\t\t\t\t<\/span>\n\t\t\t\t\t<\/a>\n\t\t\t\t\t\t\t\t<\/div>\n\t\t\t\t<\/div>\n\t\t\t\t\t<\/div>\n\t\t\t\t<\/div>\n\t\t\t\t<section class=\"elementor-section elementor-top-section elementor-element elementor-element-5511def4 elementor-section-boxed elementor-section-height-default elementor-section-height-default\" data-id=\"5511def4\" data-element_type=\"section\">\n\t\t\t\t\t\t\t<div class=\"elementor-background-overlay\"><\/div>\n\t\t\t\t\t\t\t<div class=\"elementor-container elementor-column-gap-default\">\n\t\t\t\t\t<div class=\"elementor-column elementor-col-100 elementor-top-column elementor-element elementor-element-52c930a9\" data-id=\"52c930a9\" data-element_type=\"column\">\n\t\t\t<div class=\"elementor-widget-wrap elementor-element-populated\">\n\t\t\t\t\t\t<div class=\"elementor-element elementor-element-4022f9d4 elementor-widget elementor-widget-heading\" data-id=\"4022f9d4\" data-element_type=\"widget\" data-widget_type=\"heading.default\">\n\t\t\t\t\t<h2 class=\"elementor-heading-title elementor-size-default\">Ny\u0171g\u00f6zd le c\u00e9lcsoportod vide\u00f3inkkal!<\/h2>\t\t\t\t<\/div>\n\t\t\t\t<div class=\"elementor-element elementor-element-35c7c543 elementor-widget elementor-widget-text-editor\" data-id=\"35c7c543\" data-element_type=\"widget\" data-widget_type=\"text-editor.default\">\n\t\t\t\t\t\t\t\t\t<p>Haszn\u00e1lj vide\u00f3kat online fel\u00fcleteiden \u00e9s kommunik\u00e1c\u00f3dban a hat\u00e9konyabb marketing \u00e9rdek\u00e9ben!<\/p>\t\t\t\t\t\t\t\t<\/div>\n\t\t\t\t<div class=\"elementor-element elementor-element-6ad68d6b elementor-align-center elementor-widget elementor-widget-button\" data-id=\"6ad68d6b\" data-element_type=\"widget\" data-widget_type=\"button.default\">\n\t\t\t\t\t\t\t\t\t\t<a class=\"elementor-button elementor-button-link elementor-size-sm\" href=\"https:\/\/filmsman.hu\/hu\/#kapcsolat\">\n\t\t\t\t\t\t<span class=\"elementor-button-content-wrapper\">\n\t\t\t\t\t\t\t\t\t<span class=\"elementor-button-text\">Kapcsolat<\/span>\n\t\t\t\t\t<\/span>\n\t\t\t\t\t<\/a>\n\t\t\t\t\t\t\t\t<\/div>\n\t\t\t\t\t<\/div>\n\t\t<\/div>\n\t\t\t\t\t<\/div>\n\t\t<\/section>\n\t\t\t\t<\/div>","protected":false},"excerpt":{"rendered":"<p>Vissza Turisztikai filmek Amennyiben term\u00e9ked\/szolg\u00e1ltat\u00e1sod a term\u00e9szethez kapcsol\u00f3dik,ne szalaszd el a lehet\u0151s\u00e9g bemutatni annak sz\u00e9ps\u00e9g\u00e9t! https:\/\/player.vimeo.com\/video\/574115195 Fedezd fel a Balatont! V\u00e1r a hegytet\u0151n- Csob\u00e1nc t\u00e9len Fedezd fel magad &#8211; Szent Gy\u00f6rgy-hegy \u00d6sszes megtekint\u00e9se Ny\u0171g\u00f6zd le c\u00e9lcsoportod vide\u00f3inkkal! Haszn\u00e1lj vide\u00f3kat online fel\u00fcleteiden \u00e9s kommunik\u00e1c\u00f3dban a hat\u00e9konyabb marketing \u00e9rdek\u00e9ben! Kapcsolat<\/p>","protected":false},"author":1,"featured_media":0,"parent":0,"menu_order":0,"comment_status":"closed","ping_status":"closed","template":"","meta":{"footnotes":""},"class_list":["post-1188","page","type-page","status-publish","hentry"],"yoast_head":"<!-- This site is optimized with the Yoast SEO plugin v20.13 - https:\/\/yoast.com\/wordpress\/plugins\/seo\/ -->\n<title>Turisztikai filmek &ndash; Filmsman Productions<\/title>\n<meta name=\"description\" content=\"Amennyiben term\u00e9ked\/szolg\u00e1ltat\u00e1sod a term\u00e9szethez kapcsol\u00f3dik,ne szalaszd el a lehet\u0151s\u00e9g bemutatni annak sz\u00e9ps\u00e9g\u00e9t!\" \/>\n<meta name=\"robots\" content=\"index, follow, max-snippet:-1, max-image-preview:large, max-video-preview:-1\" \/>\n<link rel=\"canonical\" href=\"https:\/\/filmsman.hu\/hu\/turisztikai-filmek\/\" \/>\n<meta property=\"og:locale\" content=\"hu_HU\" \/>\n<meta property=\"og:type\" content=\"article\" \/>\n<meta property=\"og:title\" content=\"Turisztikai filmek &ndash; Filmsman Productions\" \/>\n<meta property=\"og:description\" content=\"Amennyiben term\u00e9ked\/szolg\u00e1ltat\u00e1sod a term\u00e9szethez kapcsol\u00f3dik,ne szalaszd el a lehet\u0151s\u00e9g bemutatni annak sz\u00e9ps\u00e9g\u00e9t!\" \/>\n<meta property=\"og:url\" content=\"https:\/\/filmsman.hu\/hu\/turisztikai-filmek\/\" \/>\n<meta property=\"og:site_name\" content=\"Filmsman Productions\" \/>\n<meta property=\"article:modified_time\" content=\"2023-03-05T10:39:35+00:00\" \/>\n<meta name=\"twitter:card\" content=\"summary_large_image\" \/>\n<meta name=\"twitter:label1\" content=\"Becs\u00fclt olvas\u00e1si id\u0151\" \/>\n\t<meta name=\"twitter:data1\" content=\"1 perc\" \/>\n<script type=\"application\/ld+json\" class=\"yoast-schema-graph\">{\"@context\":\"https:\/\/schema.org\",\"@graph\":[{\"@type\":\"WebPage\",\"@id\":\"https:\/\/filmsman.hu\/turisztikai-filmek\/\",\"url\":\"https:\/\/filmsman.hu\/turisztikai-filmek\/\",\"name\":\"Turisztikai filmek &ndash; Filmsman Productions\",\"isPartOf\":{\"@id\":\"https:\/\/filmsman.hu\/#website\"},\"datePublished\":\"2022-10-26T08:52:59+00:00\",\"dateModified\":\"2023-03-05T10:39:35+00:00\",\"description\":\"Amennyiben term\u00e9ked\/szolg\u00e1ltat\u00e1sod a term\u00e9szethez kapcsol\u00f3dik,ne szalaszd el a lehet\u0151s\u00e9g bemutatni annak sz\u00e9ps\u00e9g\u00e9t!\",\"breadcrumb\":{\"@id\":\"https:\/\/filmsman.hu\/turisztikai-filmek\/#breadcrumb\"},\"inLanguage\":\"hu\",\"potentialAction\":[{\"@type\":\"ReadAction\",\"target\":[\"https:\/\/filmsman.hu\/turisztikai-filmek\/\"]}]},{\"@type\":\"BreadcrumbList\",\"@id\":\"https:\/\/filmsman.hu\/turisztikai-filmek\/#breadcrumb\",\"itemListElement\":[{\"@type\":\"ListItem\",\"position\":1,\"name\":\"Home\",\"item\":\"https:\/\/filmsman.hu\/\"},{\"@type\":\"ListItem\",\"position\":2,\"name\":\"Turisztikai filmek\"}]},{\"@type\":\"WebSite\",\"@id\":\"https:\/\/filmsman.hu\/#website\",\"url\":\"https:\/\/filmsman.hu\/\",\"name\":\"Filmsman Productions - Vide\u00f3 marketing\",\"description\":\"Vide\u00f3s strat\u00e9gia\",\"potentialAction\":[{\"@type\":\"SearchAction\",\"target\":{\"@type\":\"EntryPoint\",\"urlTemplate\":\"https:\/\/filmsman.hu\/?s={search_term_string}\"},\"query-input\":\"required name=search_term_string\"}],\"inLanguage\":\"hu\"}]}<\/script>\n<!-- \/ Yoast SEO plugin. -->","yoast_head_json":{"title":"Turisztikai filmek &ndash; Filmsman Productions","description":"Amennyiben term\u00e9ked\/szolg\u00e1ltat\u00e1sod a term\u00e9szethez kapcsol\u00f3dik,ne szalaszd el a lehet\u0151s\u00e9g bemutatni annak sz\u00e9ps\u00e9g\u00e9t!","robots":{"index":"index","follow":"follow","max-snippet":"max-snippet:-1","max-image-preview":"max-image-preview:large","max-video-preview":"max-video-preview:-1"},"canonical":"https:\/\/filmsman.hu\/hu\/turisztikai-filmek\/","og_locale":"hu_HU","og_type":"article","og_title":"Turisztikai filmek &ndash; Filmsman Productions","og_description":"Amennyiben term\u00e9ked\/szolg\u00e1ltat\u00e1sod a term\u00e9szethez kapcsol\u00f3dik,ne szalaszd el a lehet\u0151s\u00e9g bemutatni annak sz\u00e9ps\u00e9g\u00e9t!","og_url":"https:\/\/filmsman.hu\/hu\/turisztikai-filmek\/","og_site_name":"Filmsman Productions","article_modified_time":"2023-03-05T10:39:35+00:00","twitter_card":"summary_large_image","twitter_misc":{"Becs\u00fclt olvas\u00e1si id\u0151":"1 perc"},"schema":{"@context":"https:\/\/schema.org","@graph":[{"@type":"WebPage","@id":"https:\/\/filmsman.hu\/turisztikai-filmek\/","url":"https:\/\/filmsman.hu\/turisztikai-filmek\/","name":"Turisztikai filmek &ndash; Filmsman Productions","isPartOf":{"@id":"https:\/\/filmsman.hu\/#website"},"datePublished":"2022-10-26T08:52:59+00:00","dateModified":"2023-03-05T10:39:35+00:00","description":"Amennyiben term\u00e9ked\/szolg\u00e1ltat\u00e1sod a term\u00e9szethez kapcsol\u00f3dik,ne szalaszd el a lehet\u0151s\u00e9g bemutatni annak sz\u00e9ps\u00e9g\u00e9t!","breadcrumb":{"@id":"https:\/\/filmsman.hu\/turisztikai-filmek\/#breadcrumb"},"inLanguage":"hu","potentialAction":[{"@type":"ReadAction","target":["https:\/\/filmsman.hu\/turisztikai-filmek\/"]}]},{"@type":"BreadcrumbList","@id":"https:\/\/filmsman.hu\/turisztikai-filmek\/#breadcrumb","itemListElement":[{"@type":"ListItem","position":1,"name":"Home","item":"https:\/\/filmsman.hu\/"},{"@type":"ListItem","position":2,"name":"Turisztikai filmek"}]},{"@type":"WebSite","@id":"https:\/\/filmsman.hu\/#website","url":"https:\/\/filmsman.hu\/","name":"Filmsman Productions - Vide\u00f3 marketing","description":"Vide\u00f3s strat\u00e9gia","potentialAction":[{"@type":"SearchAction","target":{"@type":"EntryPoint","urlTemplate":"https:\/\/filmsman.hu\/?s={search_term_string}"},"query-input":"required name=search_term_string"}],"inLanguage":"hu"}]}},"_links":{"self":[{"href":"https:\/\/filmsman.hu\/hu\/wp-json\/wp\/v2\/pages\/1188","targetHints":{"allow":["GET"]}}],"collection":[{"href":"https:\/\/filmsman.hu\/hu\/wp-json\/wp\/v2\/pages"}],"about":[{"href":"https:\/\/filmsman.hu\/hu\/wp-json\/wp\/v2\/types\/page"}],"author":[{"embeddable":true,"href":"https:\/\/filmsman.hu\/hu\/wp-json\/wp\/v2\/users\/1"}],"replies":[{"embeddable":true,"href":"https:\/\/filmsman.hu\/hu\/wp-json\/wp\/v2\/comments?post=1188"}],"version-history":[{"count":0,"href":"https:\/\/filmsman.hu\/hu\/wp-json\/wp\/v2\/pages\/1188\/revisions"}],"wp:attachment":[{"href":"https:\/\/filmsman.hu\/hu\/wp-json\/wp\/v2\/media?parent=1188"}],"curies":[{"name":"wp","href":"https:\/\/api.w.org\/{rel}","templated":true}]}}