{"id":1200,"date":"2022-10-26T09:17:37","date_gmt":"2022-10-26T09:17:37","guid":{"rendered":"https:\/\/filmsman.hu\/?page_id=1200"},"modified":"2023-03-30T10:43:54","modified_gmt":"2023-03-30T10:43:54","slug":"eskuvoi-filmek","status":"publish","type":"page","link":"https:\/\/filmsman.hu\/hu\/eskuvoi-filmek\/","title":{"rendered":"Esk\u00fcv\u0151i filmek"},"content":{"rendered":"<div data-elementor-type=\"wp-page\" data-elementor-id=\"1200\" class=\"elementor elementor-1200\" data-elementor-post-type=\"page\">\n\t\t\t\t\t\t<section class=\"elementor-section elementor-top-section elementor-element elementor-element-157a2dc elementor-section-boxed elementor-section-height-default elementor-section-height-default\" data-id=\"157a2dc\" data-element_type=\"section\" data-settings=\"{&quot;background_background&quot;:&quot;classic&quot;}\">\n\t\t\t\t\t\t\t<div class=\"elementor-background-overlay\"><\/div>\n\t\t\t\t\t\t\t<div class=\"elementor-container elementor-column-gap-default\">\n\t\t\t\t\t<div class=\"elementor-column elementor-col-100 elementor-top-column elementor-element elementor-element-385ab46\" data-id=\"385ab46\" data-element_type=\"column\">\n\t\t\t<div class=\"elementor-widget-wrap elementor-element-populated\">\n\t\t\t\t\t\t<div class=\"elementor-element elementor-element-3941cc9 elementor-widget elementor-widget-button\" data-id=\"3941cc9\" data-element_type=\"widget\" data-widget_type=\"button.default\">\n\t\t\t\t\t\t\t\t\t\t<a class=\"elementor-button elementor-button-link elementor-size-sm\" href=\"https:\/\/filmsman.hu\/hu\/referenciak\/\">\n\t\t\t\t\t\t<span class=\"elementor-button-content-wrapper\">\n\t\t\t\t\t\t<span class=\"elementor-button-icon\">\n\t\t\t\t<svg aria-hidden=\"true\" class=\"e-font-icon-svg e-fas-arrow-left\" viewbox=\"0 0 448 512\" xmlns=\"http:\/\/www.w3.org\/2000\/svg\"><path d=\"M257.5 445.1l-22.2 22.2c-9.4 9.4-24.6 9.4-33.9 0L7 273c-9.4-9.4-9.4-24.6 0-33.9L201.4 44.7c9.4-9.4 24.6-9.4 33.9 0l22.2 22.2c9.5 9.5 9.3 25-.4 34.3L136.6 216H424c13.3 0 24 10.7 24 24v32c0 13.3-10.7 24-24 24H136.6l120.5 114.8c9.8 9.3 10 24.8.4 34.3z\"><\/path><\/svg>\t\t\t<\/span>\n\t\t\t\t\t\t\t\t\t<span class=\"elementor-button-text\">Vissza<\/span>\n\t\t\t\t\t<\/span>\n\t\t\t\t\t<\/a>\n\t\t\t\t\t\t\t\t<\/div>\n\t\t\t\t<div class=\"elementor-element elementor-element-7b23544 elementor-widget elementor-widget-heading\" data-id=\"7b23544\" data-element_type=\"widget\" data-widget_type=\"heading.default\">\n\t\t\t\t\t<h1 class=\"elementor-heading-title elementor-size-default\">Esk\u00fcv\u0151i filmek<\/h1>\t\t\t\t<\/div>\n\t\t\t\t<div class=\"elementor-element elementor-element-c8fe894 elementor-widget elementor-widget-text-editor\" data-id=\"c8fe894\" data-element_type=\"widget\" data-widget_type=\"text-editor.default\">\n\t\t\t\t\t\t\t\t\t<p>Legyen \u00f6r\u00f6kk\u00e9 sz\u00f3l\u00f3, mozis \u00e9lm\u00e9ny a nagy nap!<\/p>\t\t\t\t\t\t\t\t<\/div>\n\t\t<div class=\"elementor-element elementor-element-6d9f823 e-con-full e-flex e-con e-parent\" data-id=\"6d9f823\" data-element_type=\"container\">\n\t\t<div class=\"elementor-element elementor-element-ad5cb92 e-con-full e-flex e-con e-child\" data-id=\"ad5cb92\" data-element_type=\"container\">\n\t\t\t\t<div class=\"elementor-element elementor-element-c3a6300 elementor-widget elementor-widget-video\" data-id=\"c3a6300\" data-element_type=\"widget\" data-settings=\"{&quot;video_type&quot;:&quot;vimeo&quot;,&quot;show_image_overlay&quot;:&quot;yes&quot;,&quot;image_overlay&quot;:{&quot;url&quot;:&quot;https:\\\/\\\/filmsman.hu\\\/wp-content\\\/uploads\\\/2022\\\/10\\\/Filmsman-eskuvoi-film.webp&quot;,&quot;id&quot;:1205,&quot;size&quot;:&quot;&quot;,&quot;alt&quot;:&quot;&quot;,&quot;source&quot;:&quot;library&quot;}}\" data-widget_type=\"video.default\">\n\t\t\t\t\t\t\t<div class=\"elementor-wrapper elementor-open-inline\">\n\t\t\t<iframe class=\"elementor-video-iframe\" allowfullscreen allow=\"clipboard-write\" title=\"vimeo vide\u00f3 lej\u00e1tsz\u00f3\" src=\"https:\/\/player.vimeo.com\/video\/761374189?color&amp;autopause=0&amp;loop=0&amp;muted=0&amp;title=1&amp;portrait=1&amp;byline=1#t=\"><\/iframe>\t\t\t\t<div class=\"elementor-custom-embed-image-overlay\" style=\"background-image: url(https:\/\/filmsman.hu\/wp-content\/uploads\/2022\/10\/Filmsman-eskuvoi-film.webp);\">\n\t\t\t\t\t\t\t\t\t\t\t\t\t\t\t\t<div class=\"elementor-custom-embed-play\" role=\"button\" aria-label=\"Vide\u00f3 lej\u00e1tsz\u00e1sa\" tabindex=\"0\">\n\t\t\t\t\t\t\t<svg aria-hidden=\"true\" class=\"e-font-icon-svg e-eicon-play\" viewbox=\"0 0 1000 1000\" xmlns=\"http:\/\/www.w3.org\/2000\/svg\"><path d=\"M838 162C746 71 633 25 500 25 371 25 258 71 163 162 71 254 25 367 25 500 25 633 71 746 163 837 254 929 367 979 500 979 633 979 746 933 838 837 929 746 975 633 975 500 975 367 929 254 838 162M808 192C892 279 933 379 933 500 933 621 892 725 808 808 725 892 621 938 500 938 379 938 279 896 196 808 113 725 67 621 67 500 67 379 108 279 196 192 279 108 383 62 500 62 621 62 721 108 808 192M438 392V642L642 517 438 392Z\"><\/path><\/svg>\t\t\t\t\t\t<\/div>\n\t\t\t\t\t\t\t\t\t<\/div>\n\t\t\t\t\t<\/div>\n\t\t\t\t\t\t<\/div>\n\t\t\t\t<div class=\"elementor-element elementor-element-f8c9212 elementor-widget elementor-widget-heading\" data-id=\"f8c9212\" data-element_type=\"widget\" data-widget_type=\"heading.default\">\n\t\t\t\t\t<h4 class=\"elementor-heading-title elementor-size-default\">Szaffi &amp; Andr\u00e1s - B\u00e1nd<\/h4>\t\t\t\t<\/div>\n\t\t\t\t<\/div>\n\t\t<div class=\"elementor-element elementor-element-11d9745 e-con-full e-flex e-con e-child\" data-id=\"11d9745\" data-element_type=\"container\">\n\t\t\t\t<div class=\"elementor-element elementor-element-27ea959 elementor-widget elementor-widget-video\" data-id=\"27ea959\" data-element_type=\"widget\" data-settings=\"{&quot;video_type&quot;:&quot;vimeo&quot;,&quot;show_image_overlay&quot;:&quot;yes&quot;,&quot;image_overlay&quot;:{&quot;url&quot;:&quot;https:\\\/\\\/filmsman.hu\\\/wp-content\\\/uploads\\\/2022\\\/10\\\/Filmsman-eskuvoi-film-2.webp&quot;,&quot;id&quot;:1204,&quot;size&quot;:&quot;&quot;,&quot;alt&quot;:&quot;&quot;,&quot;source&quot;:&quot;library&quot;}}\" data-widget_type=\"video.default\">\n\t\t\t\t\t\t\t<div class=\"elementor-wrapper elementor-open-inline\">\n\t\t\t<iframe class=\"elementor-video-iframe\" allowfullscreen allow=\"clipboard-write\" title=\"vimeo vide\u00f3 lej\u00e1tsz\u00f3\" src=\"https:\/\/player.vimeo.com\/video\/624647948?color&amp;autopause=0&amp;loop=0&amp;muted=0&amp;title=1&amp;portrait=1&amp;byline=1#t=\"><\/iframe>\t\t\t\t<div class=\"elementor-custom-embed-image-overlay\" style=\"background-image: url(https:\/\/filmsman.hu\/wp-content\/uploads\/2022\/10\/Filmsman-eskuvoi-film-2.webp);\">\n\t\t\t\t\t\t\t\t\t\t\t\t\t\t\t\t<div class=\"elementor-custom-embed-play\" role=\"button\" aria-label=\"Vide\u00f3 lej\u00e1tsz\u00e1sa\" tabindex=\"0\">\n\t\t\t\t\t\t\t<svg aria-hidden=\"true\" class=\"e-font-icon-svg e-eicon-play\" viewbox=\"0 0 1000 1000\" xmlns=\"http:\/\/www.w3.org\/2000\/svg\"><path d=\"M838 162C746 71 633 25 500 25 371 25 258 71 163 162 71 254 25 367 25 500 25 633 71 746 163 837 254 929 367 979 500 979 633 979 746 933 838 837 929 746 975 633 975 500 975 367 929 254 838 162M808 192C892 279 933 379 933 500 933 621 892 725 808 808 725 892 621 938 500 938 379 938 279 896 196 808 113 725 67 621 67 500 67 379 108 279 196 192 279 108 383 62 500 62 621 62 721 108 808 192M438 392V642L642 517 438 392Z\"><\/path><\/svg>\t\t\t\t\t\t<\/div>\n\t\t\t\t\t\t\t\t\t<\/div>\n\t\t\t\t\t<\/div>\n\t\t\t\t\t\t<\/div>\n\t\t\t\t<div class=\"elementor-element elementor-element-5f1f12d elementor-widget elementor-widget-heading\" data-id=\"5f1f12d\" data-element_type=\"widget\" data-widget_type=\"heading.default\">\n\t\t\t\t\t<h4 class=\"elementor-heading-title elementor-size-default\">Csilla &amp; Laci - Csongr\u00e1d<\/h4>\t\t\t\t<\/div>\n\t\t\t\t<\/div>\n\t\t<div class=\"elementor-element elementor-element-a3790db e-con-full e-flex e-con e-child\" data-id=\"a3790db\" data-element_type=\"container\">\n\t\t\t\t<div class=\"elementor-element elementor-element-023cc1f elementor-widget elementor-widget-video\" data-id=\"023cc1f\" data-element_type=\"widget\" data-settings=\"{&quot;video_type&quot;:&quot;vimeo&quot;,&quot;show_image_overlay&quot;:&quot;yes&quot;,&quot;image_overlay&quot;:{&quot;url&quot;:&quot;https:\\\/\\\/filmsman.hu\\\/wp-content\\\/uploads\\\/2022\\\/10\\\/Filmsman-eskuvoi-film-3.webp&quot;,&quot;id&quot;:1203,&quot;size&quot;:&quot;&quot;,&quot;alt&quot;:&quot;&quot;,&quot;source&quot;:&quot;library&quot;}}\" data-widget_type=\"video.default\">\n\t\t\t\t\t\t\t<div class=\"elementor-wrapper elementor-open-inline\">\n\t\t\t<iframe class=\"elementor-video-iframe\" allowfullscreen allow=\"clipboard-write\" title=\"vimeo vide\u00f3 lej\u00e1tsz\u00f3\" src=\"https:\/\/player.vimeo.com\/video\/596450037?color&amp;autopause=0&amp;loop=0&amp;muted=0&amp;title=1&amp;portrait=1&amp;byline=1#t=\"><\/iframe>\t\t\t\t<div class=\"elementor-custom-embed-image-overlay\" style=\"background-image: url(https:\/\/filmsman.hu\/wp-content\/uploads\/2022\/10\/Filmsman-eskuvoi-film-3.webp);\">\n\t\t\t\t\t\t\t\t\t\t\t\t\t\t\t\t<div class=\"elementor-custom-embed-play\" role=\"button\" aria-label=\"Vide\u00f3 lej\u00e1tsz\u00e1sa\" tabindex=\"0\">\n\t\t\t\t\t\t\t<svg aria-hidden=\"true\" class=\"e-font-icon-svg e-eicon-play\" viewbox=\"0 0 1000 1000\" xmlns=\"http:\/\/www.w3.org\/2000\/svg\"><path d=\"M838 162C746 71 633 25 500 25 371 25 258 71 163 162 71 254 25 367 25 500 25 633 71 746 163 837 254 929 367 979 500 979 633 979 746 933 838 837 929 746 975 633 975 500 975 367 929 254 838 162M808 192C892 279 933 379 933 500 933 621 892 725 808 808 725 892 621 938 500 938 379 938 279 896 196 808 113 725 67 621 67 500 67 379 108 279 196 192 279 108 383 62 500 62 621 62 721 108 808 192M438 392V642L642 517 438 392Z\"><\/path><\/svg>\t\t\t\t\t\t<\/div>\n\t\t\t\t\t\t\t\t\t<\/div>\n\t\t\t\t\t<\/div>\n\t\t\t\t\t\t<\/div>\n\t\t\t\t<div class=\"elementor-element elementor-element-fc0f28b elementor-widget elementor-widget-heading\" data-id=\"fc0f28b\" data-element_type=\"widget\" data-widget_type=\"heading.default\">\n\t\t\t\t\t<h4 class=\"elementor-heading-title elementor-size-default\">Petra &amp; Levi - Kecskem\u00e9t<\/h4>\t\t\t\t<\/div>\n\t\t\t\t<\/div>\n\t\t<div class=\"elementor-element elementor-element-8bae808 e-con-full e-flex e-con e-child\" data-id=\"8bae808\" data-element_type=\"container\">\n\t\t\t\t<div class=\"elementor-element elementor-element-6c88dba elementor-widget elementor-widget-video\" data-id=\"6c88dba\" data-element_type=\"widget\" data-settings=\"{&quot;video_type&quot;:&quot;vimeo&quot;,&quot;show_image_overlay&quot;:&quot;yes&quot;,&quot;image_overlay&quot;:{&quot;url&quot;:&quot;https:\\\/\\\/filmsman.hu\\\/wp-content\\\/uploads\\\/2022\\\/10\\\/Filmsman-eskuvoi-film-4.webp&quot;,&quot;id&quot;:1202,&quot;size&quot;:&quot;&quot;,&quot;alt&quot;:&quot;&quot;,&quot;source&quot;:&quot;library&quot;}}\" data-widget_type=\"video.default\">\n\t\t\t\t\t\t\t<div class=\"elementor-wrapper elementor-open-inline\">\n\t\t\t<iframe class=\"elementor-video-iframe\" allowfullscreen allow=\"clipboard-write\" title=\"vimeo vide\u00f3 lej\u00e1tsz\u00f3\" src=\"https:\/\/player.vimeo.com\/video\/659339567?color&amp;autopause=0&amp;loop=0&amp;muted=0&amp;title=1&amp;portrait=1&amp;byline=1#t=\"><\/iframe>\t\t\t\t<div class=\"elementor-custom-embed-image-overlay\" style=\"background-image: url(https:\/\/filmsman.hu\/wp-content\/uploads\/2022\/10\/Filmsman-eskuvoi-film-4.webp);\">\n\t\t\t\t\t\t\t\t\t\t\t\t\t\t\t\t<div class=\"elementor-custom-embed-play\" role=\"button\" aria-label=\"Vide\u00f3 lej\u00e1tsz\u00e1sa\" tabindex=\"0\">\n\t\t\t\t\t\t\t<svg aria-hidden=\"true\" class=\"e-font-icon-svg e-eicon-play\" viewbox=\"0 0 1000 1000\" xmlns=\"http:\/\/www.w3.org\/2000\/svg\"><path d=\"M838 162C746 71 633 25 500 25 371 25 258 71 163 162 71 254 25 367 25 500 25 633 71 746 163 837 254 929 367 979 500 979 633 979 746 933 838 837 929 746 975 633 975 500 975 367 929 254 838 162M808 192C892 279 933 379 933 500 933 621 892 725 808 808 725 892 621 938 500 938 379 938 279 896 196 808 113 725 67 621 67 500 67 379 108 279 196 192 279 108 383 62 500 62 621 62 721 108 808 192M438 392V642L642 517 438 392Z\"><\/path><\/svg>\t\t\t\t\t\t<\/div>\n\t\t\t\t\t\t\t\t\t<\/div>\n\t\t\t\t\t<\/div>\n\t\t\t\t\t\t<\/div>\n\t\t\t\t<div class=\"elementor-element elementor-element-5b58917 elementor-widget elementor-widget-heading\" data-id=\"5b58917\" data-element_type=\"widget\" data-widget_type=\"heading.default\">\n\t\t\t\t\t<h4 class=\"elementor-heading-title elementor-size-default\">Petra &amp;\u00a0\u00c1rpi - Vasad<\/h4>\t\t\t\t<\/div>\n\t\t\t\t<\/div>\n\t\t\t\t<\/div>\n\t\t\t\t\t<\/div>\n\t\t<\/div>\n\t\t\t\t\t<\/div>\n\t\t<\/section>\n\t\t\t\t<section class=\"elementor-section elementor-top-section elementor-element elementor-element-730ba03 elementor-section-boxed elementor-section-height-default elementor-section-height-default\" data-id=\"730ba03\" data-element_type=\"section\">\n\t\t\t\t\t\t\t<div class=\"elementor-background-overlay\"><\/div>\n\t\t\t\t\t\t\t<div class=\"elementor-container elementor-column-gap-default\">\n\t\t\t\t\t<div class=\"elementor-column elementor-col-100 elementor-top-column elementor-element elementor-element-4bc89985\" data-id=\"4bc89985\" data-element_type=\"column\">\n\t\t\t<div class=\"elementor-widget-wrap elementor-element-populated\">\n\t\t\t\t\t\t<div class=\"elementor-element elementor-element-4cb7ff5f elementor-widget elementor-widget-heading\" data-id=\"4cb7ff5f\" data-element_type=\"widget\" data-widget_type=\"heading.default\">\n\t\t\t\t\t<h2 class=\"elementor-heading-title elementor-size-default\">Legyen \u00e9letetek legszebb napja \u00f6r\u00f6k \u00e9lm\u00e9ny!<\/h2>\t\t\t\t<\/div>\n\t\t\t\t<div class=\"elementor-element elementor-element-54758fa5 elementor-widget elementor-widget-text-editor\" data-id=\"54758fa5\" data-element_type=\"widget\" data-widget_type=\"text-editor.default\">\n\t\t\t\t\t\t\t\t\t<p>Keressetek minket l\u00e1tv\u00e1nyos esk\u00fcv\u0151i filmetek\u00e9rt!<\/p>\t\t\t\t\t\t\t\t<\/div>\n\t\t\t\t<div class=\"elementor-element elementor-element-16fd752f elementor-align-center elementor-widget elementor-widget-button\" data-id=\"16fd752f\" data-element_type=\"widget\" data-widget_type=\"button.default\">\n\t\t\t\t\t\t\t\t\t\t<a class=\"elementor-button elementor-button-link elementor-size-sm\" href=\"https:\/\/filmsman.hu\/hu\/#kapcsolat\">\n\t\t\t\t\t\t<span class=\"elementor-button-content-wrapper\">\n\t\t\t\t\t\t\t\t\t<span class=\"elementor-button-text\">Kapcsolat<\/span>\n\t\t\t\t\t<\/span>\n\t\t\t\t\t<\/a>\n\t\t\t\t\t\t\t\t<\/div>\n\t\t\t\t\t<\/div>\n\t\t<\/div>\n\t\t\t\t\t<\/div>\n\t\t<\/section>\n\t\t\t\t<\/div>","protected":false},"excerpt":{"rendered":"<p>Vissza Esk\u00fcv\u0151i filmek Legyen \u00f6r\u00f6kk\u00e9 sz\u00f3l\u00f3, mozis \u00e9lm\u00e9ny a nagy nap! https:\/\/player.vimeo.com\/video\/761374189 Szaffi &#038; Andr\u00e1s &#8211; B\u00e1nd Csilla &amp; Laci &#8211; Csongr\u00e1d Petra &#038; Levi &#8211; Kecskem\u00e9t Petra &#038;\u00a0\u00c1rpi &#8211; Vasad Legyen \u00e9letetek legszebb napja \u00f6r\u00f6k \u00e9lm\u00e9ny! Keressetek minket l\u00e1tv\u00e1nyos esk\u00fcv\u0151i filmetek\u00e9rt! Kapcsolat<\/p>","protected":false},"author":1,"featured_media":0,"parent":0,"menu_order":0,"comment_status":"closed","ping_status":"closed","template":"","meta":{"footnotes":""},"class_list":["post-1200","page","type-page","status-publish","hentry"],"yoast_head":"<!-- This site is optimized with the Yoast SEO plugin v20.13 - https:\/\/yoast.com\/wordpress\/plugins\/seo\/ -->\n<title>Esk\u00fcv\u0151i filmek &ndash; Filmsman Productions<\/title>\n<meta name=\"description\" content=\"Legyen \u00f6r\u00f6kk\u00e9 sz\u00f3l\u00f3, mozis \u00e9lm\u00e9ny a nagy nap esk\u00fcv\u0151i film\u00fcnkkel!\" \/>\n<meta name=\"robots\" content=\"index, follow, max-snippet:-1, max-image-preview:large, max-video-preview:-1\" \/>\n<link rel=\"canonical\" href=\"https:\/\/filmsman.hu\/hu\/eskuvoi-filmek\/\" \/>\n<meta property=\"og:locale\" content=\"hu_HU\" \/>\n<meta property=\"og:type\" content=\"article\" \/>\n<meta property=\"og:title\" content=\"Esk\u00fcv\u0151i filmek &ndash; Filmsman Productions\" \/>\n<meta property=\"og:description\" content=\"Legyen \u00f6r\u00f6kk\u00e9 sz\u00f3l\u00f3, mozis \u00e9lm\u00e9ny a nagy nap esk\u00fcv\u0151i film\u00fcnkkel!\" \/>\n<meta property=\"og:url\" content=\"https:\/\/filmsman.hu\/hu\/eskuvoi-filmek\/\" \/>\n<meta property=\"og:site_name\" content=\"Filmsman Productions\" \/>\n<meta property=\"article:modified_time\" content=\"2023-03-30T10:43:54+00:00\" \/>\n<meta name=\"twitter:card\" content=\"summary_large_image\" \/>\n<meta name=\"twitter:label1\" content=\"Becs\u00fclt olvas\u00e1si id\u0151\" \/>\n\t<meta name=\"twitter:data1\" content=\"1 perc\" \/>\n<script type=\"application\/ld+json\" class=\"yoast-schema-graph\">{\"@context\":\"https:\/\/schema.org\",\"@graph\":[{\"@type\":\"WebPage\",\"@id\":\"https:\/\/filmsman.hu\/eskuvoi-filmek\/\",\"url\":\"https:\/\/filmsman.hu\/eskuvoi-filmek\/\",\"name\":\"Esk\u00fcv\u0151i filmek &ndash; Filmsman Productions\",\"isPartOf\":{\"@id\":\"https:\/\/filmsman.hu\/#website\"},\"datePublished\":\"2022-10-26T09:17:37+00:00\",\"dateModified\":\"2023-03-30T10:43:54+00:00\",\"description\":\"Legyen \u00f6r\u00f6kk\u00e9 sz\u00f3l\u00f3, mozis \u00e9lm\u00e9ny a nagy nap esk\u00fcv\u0151i film\u00fcnkkel!\",\"breadcrumb\":{\"@id\":\"https:\/\/filmsman.hu\/eskuvoi-filmek\/#breadcrumb\"},\"inLanguage\":\"hu\",\"potentialAction\":[{\"@type\":\"ReadAction\",\"target\":[\"https:\/\/filmsman.hu\/eskuvoi-filmek\/\"]}]},{\"@type\":\"BreadcrumbList\",\"@id\":\"https:\/\/filmsman.hu\/eskuvoi-filmek\/#breadcrumb\",\"itemListElement\":[{\"@type\":\"ListItem\",\"position\":1,\"name\":\"Home\",\"item\":\"https:\/\/filmsman.hu\/\"},{\"@type\":\"ListItem\",\"position\":2,\"name\":\"Esk\u00fcv\u0151i filmek\"}]},{\"@type\":\"WebSite\",\"@id\":\"https:\/\/filmsman.hu\/#website\",\"url\":\"https:\/\/filmsman.hu\/\",\"name\":\"Filmsman Productions - Vide\u00f3 marketing\",\"description\":\"Vide\u00f3s strat\u00e9gia\",\"potentialAction\":[{\"@type\":\"SearchAction\",\"target\":{\"@type\":\"EntryPoint\",\"urlTemplate\":\"https:\/\/filmsman.hu\/?s={search_term_string}\"},\"query-input\":\"required name=search_term_string\"}],\"inLanguage\":\"hu\"}]}<\/script>\n<!-- \/ Yoast SEO plugin. -->","yoast_head_json":{"title":"Esk\u00fcv\u0151i filmek &ndash; Filmsman Productions","description":"Legyen \u00f6r\u00f6kk\u00e9 sz\u00f3l\u00f3, mozis \u00e9lm\u00e9ny a nagy nap esk\u00fcv\u0151i film\u00fcnkkel!","robots":{"index":"index","follow":"follow","max-snippet":"max-snippet:-1","max-image-preview":"max-image-preview:large","max-video-preview":"max-video-preview:-1"},"canonical":"https:\/\/filmsman.hu\/hu\/eskuvoi-filmek\/","og_locale":"hu_HU","og_type":"article","og_title":"Esk\u00fcv\u0151i filmek &ndash; Filmsman Productions","og_description":"Legyen \u00f6r\u00f6kk\u00e9 sz\u00f3l\u00f3, mozis \u00e9lm\u00e9ny a nagy nap esk\u00fcv\u0151i film\u00fcnkkel!","og_url":"https:\/\/filmsman.hu\/hu\/eskuvoi-filmek\/","og_site_name":"Filmsman Productions","article_modified_time":"2023-03-30T10:43:54+00:00","twitter_card":"summary_large_image","twitter_misc":{"Becs\u00fclt olvas\u00e1si id\u0151":"1 perc"},"schema":{"@context":"https:\/\/schema.org","@graph":[{"@type":"WebPage","@id":"https:\/\/filmsman.hu\/eskuvoi-filmek\/","url":"https:\/\/filmsman.hu\/eskuvoi-filmek\/","name":"Esk\u00fcv\u0151i filmek &ndash; Filmsman Productions","isPartOf":{"@id":"https:\/\/filmsman.hu\/#website"},"datePublished":"2022-10-26T09:17:37+00:00","dateModified":"2023-03-30T10:43:54+00:00","description":"Legyen \u00f6r\u00f6kk\u00e9 sz\u00f3l\u00f3, mozis \u00e9lm\u00e9ny a nagy nap esk\u00fcv\u0151i film\u00fcnkkel!","breadcrumb":{"@id":"https:\/\/filmsman.hu\/eskuvoi-filmek\/#breadcrumb"},"inLanguage":"hu","potentialAction":[{"@type":"ReadAction","target":["https:\/\/filmsman.hu\/eskuvoi-filmek\/"]}]},{"@type":"BreadcrumbList","@id":"https:\/\/filmsman.hu\/eskuvoi-filmek\/#breadcrumb","itemListElement":[{"@type":"ListItem","position":1,"name":"Home","item":"https:\/\/filmsman.hu\/"},{"@type":"ListItem","position":2,"name":"Esk\u00fcv\u0151i filmek"}]},{"@type":"WebSite","@id":"https:\/\/filmsman.hu\/#website","url":"https:\/\/filmsman.hu\/","name":"Filmsman Productions - Vide\u00f3 marketing","description":"Vide\u00f3s strat\u00e9gia","potentialAction":[{"@type":"SearchAction","target":{"@type":"EntryPoint","urlTemplate":"https:\/\/filmsman.hu\/?s={search_term_string}"},"query-input":"required name=search_term_string"}],"inLanguage":"hu"}]}},"_links":{"self":[{"href":"https:\/\/filmsman.hu\/hu\/wp-json\/wp\/v2\/pages\/1200","targetHints":{"allow":["GET"]}}],"collection":[{"href":"https:\/\/filmsman.hu\/hu\/wp-json\/wp\/v2\/pages"}],"about":[{"href":"https:\/\/filmsman.hu\/hu\/wp-json\/wp\/v2\/types\/page"}],"author":[{"embeddable":true,"href":"https:\/\/filmsman.hu\/hu\/wp-json\/wp\/v2\/users\/1"}],"replies":[{"embeddable":true,"href":"https:\/\/filmsman.hu\/hu\/wp-json\/wp\/v2\/comments?post=1200"}],"version-history":[{"count":0,"href":"https:\/\/filmsman.hu\/hu\/wp-json\/wp\/v2\/pages\/1200\/revisions"}],"wp:attachment":[{"href":"https:\/\/filmsman.hu\/hu\/wp-json\/wp\/v2\/media?parent=1200"}],"curies":[{"name":"wp","href":"https:\/\/api.w.org\/{rel}","templated":true}]}}