{"id":2379,"date":"2023-03-03T13:50:20","date_gmt":"2023-03-03T13:50:20","guid":{"rendered":"https:\/\/filmsman.hu\/?page_id=2379"},"modified":"2023-03-05T09:11:27","modified_gmt":"2023-03-05T09:11:27","slug":"cikkek-hirek","status":"publish","type":"page","link":"https:\/\/filmsman.hu\/hu\/cikkek-hirek\/","title":{"rendered":"Cikkek, h\u00edrek"},"content":{"rendered":"<div data-elementor-type=\"wp-page\" data-elementor-id=\"2379\" class=\"elementor elementor-2379\" data-elementor-post-type=\"page\">\n\t\t\t\t<div class=\"elementor-element elementor-element-4e971af e-flex e-con-boxed e-con e-parent\" data-id=\"4e971af\" data-element_type=\"container\" data-settings=\"{&quot;background_background&quot;:&quot;classic&quot;}\">\n\t\t\t\t\t<div class=\"e-con-inner\">\n\t\t\t\t<div class=\"elementor-element elementor-element-360d3ab elementor-widget elementor-widget-heading\" data-id=\"360d3ab\" data-element_type=\"widget\" data-widget_type=\"heading.default\">\n\t\t\t\t\t<h2 class=\"elementor-heading-title elementor-size-default\">Cikkek, h\u00edrek<\/h2>\t\t\t\t<\/div>\n\t\t\t\t<div class=\"elementor-element elementor-element-4c932d7 elementor-widget elementor-widget-text-editor\" data-id=\"4c932d7\" data-element_type=\"widget\" data-widget_type=\"text-editor.default\">\n\t\t\t\t\t\t\t\t\t<p>Vide\u00f3s \u00e9s filmes marketing tippek, h\u00edrek, \u00e9rdekess\u00e9gek<\/p>\t\t\t\t\t\t\t\t<\/div>\n\t\t<div class=\"elementor-element elementor-element-dff3260 e-flex e-con-boxed e-con e-child\" data-id=\"dff3260\" data-element_type=\"container\">\n\t\t\t\t\t<div class=\"e-con-inner\">\n\t\t\t\t<div class=\"elementor-element elementor-element-57a35b0 elementor-grid-mobile_extra-1 elementor-grid-3 elementor-grid-tablet-2 elementor-grid-mobile-1 elementor-posts--thumbnail-top elementor-widget elementor-widget-posts\" data-id=\"57a35b0\" data-element_type=\"widget\" data-settings=\"{&quot;classic_columns_mobile_extra&quot;:&quot;1&quot;,&quot;classic_columns&quot;:&quot;3&quot;,&quot;classic_columns_tablet&quot;:&quot;2&quot;,&quot;classic_columns_mobile&quot;:&quot;1&quot;,&quot;classic_row_gap&quot;:{&quot;unit&quot;:&quot;px&quot;,&quot;size&quot;:35,&quot;sizes&quot;:[]},&quot;classic_row_gap_laptop&quot;:{&quot;unit&quot;:&quot;px&quot;,&quot;size&quot;:&quot;&quot;,&quot;sizes&quot;:[]},&quot;classic_row_gap_tablet_extra&quot;:{&quot;unit&quot;:&quot;px&quot;,&quot;size&quot;:&quot;&quot;,&quot;sizes&quot;:[]},&quot;classic_row_gap_tablet&quot;:{&quot;unit&quot;:&quot;px&quot;,&quot;size&quot;:&quot;&quot;,&quot;sizes&quot;:[]},&quot;classic_row_gap_mobile_extra&quot;:{&quot;unit&quot;:&quot;px&quot;,&quot;size&quot;:&quot;&quot;,&quot;sizes&quot;:[]},&quot;classic_row_gap_mobile&quot;:{&quot;unit&quot;:&quot;px&quot;,&quot;size&quot;:&quot;&quot;,&quot;sizes&quot;:[]}}\" data-widget_type=\"posts.classic\">\n\t\t\t\t<div class=\"elementor-widget-container\">\n\t\t\t\t\t\t\t<div class=\"elementor-posts-container elementor-posts elementor-posts--skin-classic elementor-grid\" role=\"list\">\n\t\t\t\t<article class=\"elementor-post elementor-grid-item post-2397 post type-post status-publish format-standard has-post-thumbnail hentry category-marketing\" role=\"listitem\">\n\t\t\t\t<a class=\"elementor-post__thumbnail__link\" href=\"https:\/\/filmsman.hu\/hu\/2023\/03\/03\/miert-konyorog-a-weboldalad-videokert\/\" tabindex=\"-1\" >\n\t\t\t<div class=\"elementor-post__thumbnail\"><img fetchpriority=\"high\" decoding=\"async\" width=\"600\" height=\"400\" src=\"https:\/\/filmsman.hu\/wp-content\/uploads\/2023\/03\/Filmsman-Video-a-weboldaladon-3.-1.jpeg\" class=\"attachment-full size-full wp-image-2404\" alt=\"Filmsman - Video\u0301 a weboldaladon\" srcset=\"https:\/\/filmsman.hu\/wp-content\/uploads\/2023\/03\/Filmsman-Video-a-weboldaladon-3.-1.jpeg 600w, https:\/\/filmsman.hu\/wp-content\/uploads\/2023\/03\/Filmsman-Video-a-weboldaladon-3.-1-18x12.jpeg 18w\" sizes=\"(max-width: 600px) 100vw, 600px\" \/><\/div>\n\t\t<\/a>\n\t\t\t\t<div class=\"elementor-post__text\">\n\t\t\t\t<h3 class=\"elementor-post__title\">\n\t\t\t<a href=\"https:\/\/filmsman.hu\/hu\/2023\/03\/03\/miert-konyorog-a-weboldalad-videokert\/\" >\n\t\t\t\tMi\u00e9rt k\u00f6ny\u00f6r\u00f6g a weboldalad vide\u00f3k\u00e9rt?\t\t\t<\/a>\n\t\t<\/h3>\n\t\t\t\t<div class=\"elementor-post__meta-data\">\n\t\t\t\t\t<span class=\"elementor-post-date\">\n\t\t\t2023-03-03\t\t<\/span>\n\t\t\t\t<\/div>\n\t\t\n\t\t<a class=\"elementor-post__read-more\" href=\"https:\/\/filmsman.hu\/hu\/2023\/03\/03\/miert-konyorog-a-weboldalad-videokert\/\" aria-label=\"Read more about Mi\u00e9rt k\u00f6ny\u00f6r\u00f6g a weboldalad vide\u00f3k\u00e9rt?\" tabindex=\"-1\" >\n\t\t\tTov\u00e1bb olvasok\t\t<\/a>\n\n\t\t\t\t<\/div>\n\t\t\t\t<\/article>\n\t\t\t\t<article class=\"elementor-post elementor-grid-item post-1539 post type-post status-publish format-standard has-post-thumbnail hentry category-marketing\" role=\"listitem\">\n\t\t\t\t<a class=\"elementor-post__thumbnail__link\" href=\"https:\/\/filmsman.hu\/hu\/2022\/12\/07\/31-legjobb-2022-supowerbowl-reklam-hogyan-alkalmazd-oket-vallalkozasodban\/\" tabindex=\"-1\" >\n\t\t\t<div class=\"elementor-post__thumbnail\"><img decoding=\"async\" width=\"532\" height=\"355\" src=\"https:\/\/filmsman.hu\/wp-content\/uploads\/2022\/12\/31-legjobb-2022-supowerbowl-reklam-\u2013-hogyan-alkalmazd-oket-vallalkozasodban.jpg\" class=\"attachment-full size-full wp-image-1542\" alt=\"\" srcset=\"https:\/\/filmsman.hu\/wp-content\/uploads\/2022\/12\/31-legjobb-2022-supowerbowl-reklam-\u2013-hogyan-alkalmazd-oket-vallalkozasodban.jpg 532w, https:\/\/filmsman.hu\/wp-content\/uploads\/2022\/12\/31-legjobb-2022-supowerbowl-reklam-\u2013-hogyan-alkalmazd-oket-vallalkozasodban-18x12.jpg 18w\" sizes=\"(max-width: 532px) 100vw, 532px\" \/><\/div>\n\t\t<\/a>\n\t\t\t\t<div class=\"elementor-post__text\">\n\t\t\t\t<h3 class=\"elementor-post__title\">\n\t\t\t<a href=\"https:\/\/filmsman.hu\/hu\/2022\/12\/07\/31-legjobb-2022-supowerbowl-reklam-hogyan-alkalmazd-oket-vallalkozasodban\/\" >\n\t\t\t\t3+1 legjobb 2022 supowerbowl rekl\u00e1m &#8211; hogyan alkalmazd \u0151ket v\u00e1llalkoz\u00e1sodban\t\t\t<\/a>\n\t\t<\/h3>\n\t\t\t\t<div class=\"elementor-post__meta-data\">\n\t\t\t\t\t<span class=\"elementor-post-date\">\n\t\t\t2022-12-07\t\t<\/span>\n\t\t\t\t<\/div>\n\t\t\n\t\t<a class=\"elementor-post__read-more\" href=\"https:\/\/filmsman.hu\/hu\/2022\/12\/07\/31-legjobb-2022-supowerbowl-reklam-hogyan-alkalmazd-oket-vallalkozasodban\/\" aria-label=\"Read more about 3+1 legjobb 2022 supowerbowl rekl\u00e1m &#8211; hogyan alkalmazd \u0151ket v\u00e1llalkoz\u00e1sodban\" tabindex=\"-1\" >\n\t\t\tTov\u00e1bb olvasok\t\t<\/a>\n\n\t\t\t\t<\/div>\n\t\t\t\t<\/article>\n\t\t\t\t<article class=\"elementor-post elementor-grid-item post-1550 post type-post status-publish format-standard has-post-thumbnail hentry category-marketing\" role=\"listitem\">\n\t\t\t\t<a class=\"elementor-post__thumbnail__link\" href=\"https:\/\/filmsman.hu\/hu\/2022\/12\/06\/ha-vevoket-szeretnel-errol-a-modszerrol-tudnod-kell\/\" tabindex=\"-1\" >\n\t\t\t<div class=\"elementor-post__thumbnail\"><img decoding=\"async\" width=\"627\" height=\"418\" src=\"https:\/\/filmsman.hu\/wp-content\/uploads\/2022\/12\/Ha-vevoket-szeretnel-errol-a-modszerrol-tudnod-kell\u2026.jpg\" class=\"attachment-full size-full wp-image-1553\" alt=\"\" srcset=\"https:\/\/filmsman.hu\/wp-content\/uploads\/2022\/12\/Ha-vevoket-szeretnel-errol-a-modszerrol-tudnod-kell\u2026.jpg 627w, https:\/\/filmsman.hu\/wp-content\/uploads\/2022\/12\/Ha-vevoket-szeretnel-errol-a-modszerrol-tudnod-kell\u2026-18x12.jpg 18w\" sizes=\"(max-width: 627px) 100vw, 627px\" \/><\/div>\n\t\t<\/a>\n\t\t\t\t<div class=\"elementor-post__text\">\n\t\t\t\t<h3 class=\"elementor-post__title\">\n\t\t\t<a href=\"https:\/\/filmsman.hu\/hu\/2022\/12\/06\/ha-vevoket-szeretnel-errol-a-modszerrol-tudnod-kell\/\" >\n\t\t\t\tHa vev\u0151ket szeretn\u00e9l, err\u0151l a m\u00f3dszerr\u0151l tudnod kell\t\t\t<\/a>\n\t\t<\/h3>\n\t\t\t\t<div class=\"elementor-post__meta-data\">\n\t\t\t\t\t<span class=\"elementor-post-date\">\n\t\t\t2022-12-06\t\t<\/span>\n\t\t\t\t<\/div>\n\t\t\n\t\t<a class=\"elementor-post__read-more\" href=\"https:\/\/filmsman.hu\/hu\/2022\/12\/06\/ha-vevoket-szeretnel-errol-a-modszerrol-tudnod-kell\/\" aria-label=\"Read more about Ha vev\u0151ket szeretn\u00e9l, err\u0151l a m\u00f3dszerr\u0151l tudnod kell\" tabindex=\"-1\" >\n\t\t\tTov\u00e1bb olvasok\t\t<\/a>\n\n\t\t\t\t<\/div>\n\t\t\t\t<\/article>\n\t\t\t\t<article class=\"elementor-post elementor-grid-item post-1555 post type-post status-publish format-standard has-post-thumbnail hentry category-marketing\" role=\"listitem\">\n\t\t\t\t<a class=\"elementor-post__thumbnail__link\" href=\"https:\/\/filmsman.hu\/hu\/2022\/12\/05\/a-kinematograftol-a-cgi-ig-filmkeszites-a-kezdetektol-napjainkig\/\" tabindex=\"-1\" >\n\t\t\t<div class=\"elementor-post__thumbnail\"><img loading=\"lazy\" decoding=\"async\" width=\"627\" height=\"418\" src=\"https:\/\/filmsman.hu\/wp-content\/uploads\/2022\/12\/A-kinematograftol-a-CGI-ig-filmkeszites-a-kezdetektol-napjainkig.jpg\" class=\"attachment-full size-full wp-image-1556\" alt=\"\" srcset=\"https:\/\/filmsman.hu\/wp-content\/uploads\/2022\/12\/A-kinematograftol-a-CGI-ig-filmkeszites-a-kezdetektol-napjainkig.jpg 627w, https:\/\/filmsman.hu\/wp-content\/uploads\/2022\/12\/A-kinematograftol-a-CGI-ig-filmkeszites-a-kezdetektol-napjainkig-18x12.jpg 18w\" sizes=\"(max-width: 627px) 100vw, 627px\" \/><\/div>\n\t\t<\/a>\n\t\t\t\t<div class=\"elementor-post__text\">\n\t\t\t\t<h3 class=\"elementor-post__title\">\n\t\t\t<a href=\"https:\/\/filmsman.hu\/hu\/2022\/12\/05\/a-kinematograftol-a-cgi-ig-filmkeszites-a-kezdetektol-napjainkig\/\" >\n\t\t\t\tA kinematogr\u00e1ft\u00f3l a CGI-ig &#8211; filmk\u00e9sz\u00edt\u00e9s a kezdetekt\u0151l napjainkig\t\t\t<\/a>\n\t\t<\/h3>\n\t\t\t\t<div class=\"elementor-post__meta-data\">\n\t\t\t\t\t<span class=\"elementor-post-date\">\n\t\t\t2022-12-05\t\t<\/span>\n\t\t\t\t<\/div>\n\t\t\n\t\t<a class=\"elementor-post__read-more\" href=\"https:\/\/filmsman.hu\/hu\/2022\/12\/05\/a-kinematograftol-a-cgi-ig-filmkeszites-a-kezdetektol-napjainkig\/\" aria-label=\"Read more about A kinematogr\u00e1ft\u00f3l a CGI-ig &#8211; filmk\u00e9sz\u00edt\u00e9s a kezdetekt\u0151l napjainkig\" tabindex=\"-1\" >\n\t\t\tTov\u00e1bb olvasok\t\t<\/a>\n\n\t\t\t\t<\/div>\n\t\t\t\t<\/article>\n\t\t\t\t<\/div>\n\t\t\n\t\t\t\t\t\t<\/div>\n\t\t\t\t<\/div>\n\t\t\t\t\t<\/div>\n\t\t\t\t<\/div>\n\t\t\t\t\t<\/div>\n\t\t\t\t<\/div>\n\t\t\t\t<\/div>","protected":false},"excerpt":{"rendered":"<p>Cikkek, h\u00edrek Vide\u00f3s \u00e9s filmes marketing tippek, h\u00edrek, \u00e9rdekess\u00e9gek<\/p>","protected":false},"author":1,"featured_media":0,"parent":0,"menu_order":0,"comment_status":"closed","ping_status":"closed","template":"elementor_header_footer","meta":{"footnotes":""},"class_list":["post-2379","page","type-page","status-publish","hentry"],"yoast_head":"<!-- This site is optimized with the Yoast SEO plugin v20.13 - https:\/\/yoast.com\/wordpress\/plugins\/seo\/ -->\n<title>Cikkek, h\u00edrek &ndash; Filmsman Productions<\/title>\n<meta name=\"robots\" content=\"index, follow, max-snippet:-1, max-image-preview:large, max-video-preview:-1\" \/>\n<link rel=\"canonical\" href=\"https:\/\/filmsman.hu\/hu\/cikkek-hirek\/\" \/>\n<meta property=\"og:locale\" content=\"hu_HU\" \/>\n<meta property=\"og:type\" content=\"article\" \/>\n<meta property=\"og:title\" content=\"Cikkek, h\u00edrek &ndash; Filmsman Productions\" \/>\n<meta property=\"og:description\" content=\"Cikkek, h\u00edrek Vide\u00f3s \u00e9s filmes marketing tippek, h\u00edrek, \u00e9rdekess\u00e9gek\" \/>\n<meta property=\"og:url\" content=\"https:\/\/filmsman.hu\/hu\/cikkek-hirek\/\" \/>\n<meta property=\"og:site_name\" content=\"Filmsman Productions\" \/>\n<meta property=\"article:modified_time\" content=\"2023-03-05T09:11:27+00:00\" \/>\n<meta name=\"twitter:card\" content=\"summary_large_image\" \/>\n<meta name=\"twitter:label1\" content=\"Becs\u00fclt olvas\u00e1si id\u0151\" \/>\n\t<meta name=\"twitter:data1\" content=\"2 perc\" \/>\n<script type=\"application\/ld+json\" class=\"yoast-schema-graph\">{\"@context\":\"https:\/\/schema.org\",\"@graph\":[{\"@type\":\"WebPage\",\"@id\":\"https:\/\/filmsman.hu\/cikkek-hirek\/\",\"url\":\"https:\/\/filmsman.hu\/cikkek-hirek\/\",\"name\":\"Cikkek, h\u00edrek &ndash; Filmsman Productions\",\"isPartOf\":{\"@id\":\"https:\/\/filmsman.hu\/#website\"},\"datePublished\":\"2023-03-03T13:50:20+00:00\",\"dateModified\":\"2023-03-05T09:11:27+00:00\",\"breadcrumb\":{\"@id\":\"https:\/\/filmsman.hu\/cikkek-hirek\/#breadcrumb\"},\"inLanguage\":\"hu\",\"potentialAction\":[{\"@type\":\"ReadAction\",\"target\":[\"https:\/\/filmsman.hu\/cikkek-hirek\/\"]}]},{\"@type\":\"BreadcrumbList\",\"@id\":\"https:\/\/filmsman.hu\/cikkek-hirek\/#breadcrumb\",\"itemListElement\":[{\"@type\":\"ListItem\",\"position\":1,\"name\":\"Home\",\"item\":\"https:\/\/filmsman.hu\/\"},{\"@type\":\"ListItem\",\"position\":2,\"name\":\"Cikkek, h\u00edrek\"}]},{\"@type\":\"WebSite\",\"@id\":\"https:\/\/filmsman.hu\/#website\",\"url\":\"https:\/\/filmsman.hu\/\",\"name\":\"Filmsman Productions - Vide\u00f3 marketing\",\"description\":\"Vide\u00f3s strat\u00e9gia\",\"potentialAction\":[{\"@type\":\"SearchAction\",\"target\":{\"@type\":\"EntryPoint\",\"urlTemplate\":\"https:\/\/filmsman.hu\/?s={search_term_string}\"},\"query-input\":\"required name=search_term_string\"}],\"inLanguage\":\"hu\"}]}<\/script>\n<!-- \/ Yoast SEO plugin. -->","yoast_head_json":{"title":"Cikkek, h\u00edrek &ndash; Filmsman Productions","robots":{"index":"index","follow":"follow","max-snippet":"max-snippet:-1","max-image-preview":"max-image-preview:large","max-video-preview":"max-video-preview:-1"},"canonical":"https:\/\/filmsman.hu\/hu\/cikkek-hirek\/","og_locale":"hu_HU","og_type":"article","og_title":"Cikkek, h\u00edrek &ndash; Filmsman Productions","og_description":"Cikkek, h\u00edrek Vide\u00f3s \u00e9s filmes marketing tippek, h\u00edrek, \u00e9rdekess\u00e9gek","og_url":"https:\/\/filmsman.hu\/hu\/cikkek-hirek\/","og_site_name":"Filmsman Productions","article_modified_time":"2023-03-05T09:11:27+00:00","twitter_card":"summary_large_image","twitter_misc":{"Becs\u00fclt olvas\u00e1si id\u0151":"2 perc"},"schema":{"@context":"https:\/\/schema.org","@graph":[{"@type":"WebPage","@id":"https:\/\/filmsman.hu\/cikkek-hirek\/","url":"https:\/\/filmsman.hu\/cikkek-hirek\/","name":"Cikkek, h\u00edrek &ndash; Filmsman Productions","isPartOf":{"@id":"https:\/\/filmsman.hu\/#website"},"datePublished":"2023-03-03T13:50:20+00:00","dateModified":"2023-03-05T09:11:27+00:00","breadcrumb":{"@id":"https:\/\/filmsman.hu\/cikkek-hirek\/#breadcrumb"},"inLanguage":"hu","potentialAction":[{"@type":"ReadAction","target":["https:\/\/filmsman.hu\/cikkek-hirek\/"]}]},{"@type":"BreadcrumbList","@id":"https:\/\/filmsman.hu\/cikkek-hirek\/#breadcrumb","itemListElement":[{"@type":"ListItem","position":1,"name":"Home","item":"https:\/\/filmsman.hu\/"},{"@type":"ListItem","position":2,"name":"Cikkek, h\u00edrek"}]},{"@type":"WebSite","@id":"https:\/\/filmsman.hu\/#website","url":"https:\/\/filmsman.hu\/","name":"Filmsman Productions - Vide\u00f3 marketing","description":"Vide\u00f3s strat\u00e9gia","potentialAction":[{"@type":"SearchAction","target":{"@type":"EntryPoint","urlTemplate":"https:\/\/filmsman.hu\/?s={search_term_string}"},"query-input":"required name=search_term_string"}],"inLanguage":"hu"}]}},"_links":{"self":[{"href":"https:\/\/filmsman.hu\/hu\/wp-json\/wp\/v2\/pages\/2379","targetHints":{"allow":["GET"]}}],"collection":[{"href":"https:\/\/filmsman.hu\/hu\/wp-json\/wp\/v2\/pages"}],"about":[{"href":"https:\/\/filmsman.hu\/hu\/wp-json\/wp\/v2\/types\/page"}],"author":[{"embeddable":true,"href":"https:\/\/filmsman.hu\/hu\/wp-json\/wp\/v2\/users\/1"}],"replies":[{"embeddable":true,"href":"https:\/\/filmsman.hu\/hu\/wp-json\/wp\/v2\/comments?post=2379"}],"version-history":[{"count":0,"href":"https:\/\/filmsman.hu\/hu\/wp-json\/wp\/v2\/pages\/2379\/revisions"}],"wp:attachment":[{"href":"https:\/\/filmsman.hu\/hu\/wp-json\/wp\/v2\/media?parent=2379"}],"curies":[{"name":"wp","href":"https:\/\/api.w.org\/{rel}","templated":true}]}}