{"id":3362,"date":"2025-10-08T12:15:38","date_gmt":"2025-10-08T12:15:38","guid":{"rendered":"https:\/\/filmsman.hu\/?page_id=3362"},"modified":"2026-01-28T09:22:39","modified_gmt":"2026-01-28T09:22:39","slug":"contact","status":"publish","type":"page","link":"https:\/\/filmsman.hu\/hu\/contact\/","title":{"rendered":"Kapcsolat"},"content":{"rendered":"<div data-elementor-type=\"wp-page\" data-elementor-id=\"3362\" class=\"elementor elementor-3362\" data-elementor-post-type=\"page\">\n\t\t\t\t<div class=\"elementor-element elementor-element-e4ef1ce e-flex e-con-boxed e-con e-parent\" data-id=\"e4ef1ce\" data-element_type=\"container\">\n\t\t\t\t\t<div class=\"e-con-inner\">\n\t\t\t\t<div class=\"elementor-element elementor-element-738540b elementor-widget__width-initial elementor-widget elementor-widget-html\" data-id=\"738540b\" data-element_type=\"widget\" data-widget_type=\"html.default\">\n\t\t\t\t\t<svg xmlns=\"http:\/\/www.w3.org\/2000\/svg\" version=\"1.1\" xmlns:xlink=\"http:\/\/www.w3.org\/1999\/xlink\" xmlns:svgjs=\"http:\/\/svgjs.dev\/svgjs\" viewbox=\"0 0 800 800\"><defs><filter id=\"bbblurry-filter\" x=\"-100%\" y=\"-100%\" width=\"400%\" height=\"400%\" filterunits=\"objectBoundingBox\" primitiveunits=\"userSpaceOnUse\" color-interpolation-filters=\"sRGB\">\r\n\t<fegaussianblur stddeviation=\"105\" x=\"0%\" y=\"0%\" width=\"100%\" height=\"100%\" in=\"SourceGraphic\" edgemode=\"none\" result=\"blur\"><\/fegaussianblur><\/filter><\/defs><g filter=\"url(#bbblurry-filter)\"><ellipse rx=\"92\" ry=\"95\" cx=\"336.74069629289716\" cy=\"559.7569431484682\" fill=\"hsla(41, 100%, 50%, 1.00)\"><\/ellipse><ellipse rx=\"92\" ry=\"95\" cx=\"511.66135698088806\" cy=\"286.8965786439586\" fill=\"hsla(28, 100%, 47%, 1.00)\"><\/ellipse><\/g><\/svg>\t\t\t\t<\/div>\n\t\t\t\t<div class=\"elementor-element elementor-element-875478a elementor-widget elementor-widget-heading\" data-id=\"875478a\" data-element_type=\"widget\" data-widget_type=\"heading.default\">\n\t\t\t\t\t<h1 class=\"elementor-heading-title elementor-size-default\">Kapcsolat<\/h1>\t\t\t\t<\/div>\n\t\t<div class=\"elementor-element elementor-element-f4a89f9 e-con-full e-flex e-con e-child\" data-id=\"f4a89f9\" data-element_type=\"container\">\n\t\t<div class=\"elementor-element elementor-element-d1d38ef e-con-full e-flex e-con e-child\" data-id=\"d1d38ef\" data-element_type=\"container\">\n\t\t\t\t<div class=\"elementor-element elementor-element-794c5de elementor-widget elementor-widget-hugeicons-icon\" data-id=\"794c5de\" data-element_type=\"widget\" data-widget_type=\"hugeicons-icon.default\">\n\t\t\t\t<div class=\"elementor-widget-container\">\n\t\t\t\t\t        <div class=\"hugeicons__icon-widget\">\n                            <svg width=\"100%\" height=\"100%\" viewbox=\"0 0 24 24\" fill=\"none\" xmlns=\"http:\/\/www.w3.org\/2000\/svg\">\n<path d=\"M12.0045 10.5H12.0135M16 10.5H16.009M8.009 10.5H8.01797\" stroke=\"currentColor\" stroke-width=\"2\" stroke-linecap=\"round\" stroke-linejoin=\"round\"\/>\n<path d=\"M2 10.5C2 9.72921 2.01346 8.97679 2.03909 8.2503C2.12282 5.87683 2.16469 4.69009 3.13007 3.71745C4.09545 2.74481 5.3157 2.6926 7.7562 2.58819C9.09517 2.5309 10.5209 2.5 12 2.5C13.4791 2.5 14.9048 2.5309 16.2438 2.58819C18.6843 2.6926 19.9046 2.74481 20.8699 3.71745C21.8353 4.69009 21.8772 5.87683 21.9609 8.2503C21.9865 8.97679 22 9.72921 22 10.5C22 11.2708 21.9865 12.0232 21.9609 12.7497C21.8772 15.1232 21.8353 16.3099 20.8699 17.2826C19.9046 18.2552 18.6843 18.3074 16.2437 18.4118C15.5098 18.4432 14.7498 18.4667 13.9693 18.4815C13.2282 18.4955 12.8576 18.5026 12.532 18.6266C12.2064 18.7506 11.9325 18.9855 11.3845 19.4553L9.20503 21.3242C9.07273 21.4376 8.90419 21.5 8.72991 21.5C8.32679 21.5 8 21.1732 8 20.7701V18.4219C7.91842 18.4186 7.83715 18.4153 7.75619 18.4118C5.31569 18.3074 4.09545 18.2552 3.13007 17.2825C2.16469 16.3099 2.12282 15.1232 2.03909 12.7497C2.01346 12.0232 2 11.2708 2 10.5Z\" stroke=\"currentColor\" stroke-width=\"1.5\" stroke-linecap=\"round\" stroke-linejoin=\"round\"\/>\n<\/svg>\n                    <\/div>\n        \t\t\t\t<\/div>\n\t\t\t\t<\/div>\n\t\t\t\t<div class=\"elementor-element elementor-element-2cf6f7e elementor-widget elementor-widget-text-editor\" data-id=\"2cf6f7e\" data-element_type=\"widget\" data-widget_type=\"text-editor.default\">\n\t\t\t\t\t\t\t\t\t<p>Ha b\u00e1rmilyen k\u00e9rd\u00e9sed van, sz\u00edvesen seg\u00edt\u00fcnk!<\/p>\t\t\t\t\t\t\t\t<\/div>\n\t\t\t\t<\/div>\n\t\t<div class=\"elementor-element elementor-element-7275d7e e-con-full e-flex e-con e-child\" data-id=\"7275d7e\" data-element_type=\"container\">\n\t\t\t\t<div class=\"elementor-element elementor-element-2dc31c1 elementor-widget elementor-widget-hugeicons-icon\" data-id=\"2dc31c1\" data-element_type=\"widget\" data-widget_type=\"hugeicons-icon.default\">\n\t\t\t\t<div class=\"elementor-widget-container\">\n\t\t\t\t\t        <div class=\"hugeicons__icon-widget\">\n                            <svg width=\"100%\" height=\"100%\" viewbox=\"0 0 24 24\" fill=\"none\" xmlns=\"http:\/\/www.w3.org\/2000\/svg\">\n<path d=\"M2 6L8.91302 9.91697C11.4616 11.361 12.5384 11.361 15.087 9.91697L22 6\" stroke=\"currentColor\" stroke-width=\"1.5\" stroke-linejoin=\"round\"\/>\n<path d=\"M2.01577 13.4756C2.08114 16.5412 2.11383 18.0739 3.24496 19.2094C4.37608 20.3448 5.95033 20.3843 9.09883 20.4634C11.0393 20.5122 12.9607 20.5122 14.9012 20.4634C18.0497 20.3843 19.6239 20.3448 20.7551 19.2094C21.8862 18.0739 21.9189 16.5412 21.9842 13.4756C22.0053 12.4899 22.0053 11.5101 21.9842 10.5244C21.9189 7.45886 21.8862 5.92609 20.7551 4.79066C19.6239 3.65523 18.0497 3.61568 14.9012 3.53657C12.9607 3.48781 11.0393 3.48781 9.09882 3.53656C5.95033 3.61566 4.37608 3.65521 3.24495 4.79065C2.11382 5.92608 2.08114 7.45885 2.01576 10.5244C1.99474 11.5101 1.99475 12.4899 2.01577 13.4756Z\" stroke=\"currentColor\" stroke-width=\"1.5\" stroke-linejoin=\"round\"\/>\n<\/svg>\n                    <\/div>\n        \t\t\t\t<\/div>\n\t\t\t\t<\/div>\n\t\t\t\t<div class=\"elementor-element elementor-element-f12a866 elementor-widget elementor-widget-text-editor\" data-id=\"f12a866\" data-element_type=\"widget\" data-widget_type=\"text-editor.default\">\n\t\t\t\t\t\t\t\t\t<p>hello@filmsman.hu<\/p>\t\t\t\t\t\t\t\t<\/div>\n\t\t\t\t<\/div>\n\t\t<div class=\"elementor-element elementor-element-2db4b16 e-con-full e-flex e-con e-child\" data-id=\"2db4b16\" data-element_type=\"container\">\n\t\t\t\t<div class=\"elementor-element elementor-element-ad8c365 elementor-widget elementor-widget-hugeicons-icon\" data-id=\"ad8c365\" data-element_type=\"widget\" data-widget_type=\"hugeicons-icon.default\">\n\t\t\t\t<div class=\"elementor-widget-container\">\n\t\t\t\t\t        <div class=\"hugeicons__icon-widget\">\n                            <svg width=\"100%\" height=\"100%\" viewbox=\"0 0 24 24\" fill=\"none\" xmlns=\"http:\/\/www.w3.org\/2000\/svg\">\n<path d=\"M13.6177 21.367C13.1841 21.773 12.6044 22 12.0011 22C11.3978 22 10.8182 21.773 10.3845 21.367C6.41302 17.626 1.09076 13.4469 3.68627 7.37966C5.08963 4.09916 8.45834 2 12.0011 2C15.5439 2 18.9126 4.09916 20.316 7.37966C22.9082 13.4393 17.599 17.6389 13.6177 21.367Z\" stroke=\"currentColor\" stroke-width=\"1.5\"\/>\n<path d=\"M15.5 11C15.5 12.933 13.933 14.5 12 14.5C10.067 14.5 8.5 12.933 8.5 11C8.5 9.067 10.067 7.5 12 7.5C13.933 7.5 15.5 9.067 15.5 11Z\" stroke=\"currentColor\" stroke-width=\"1.5\"\/>\n<\/svg>\n                    <\/div>\n        \t\t\t\t<\/div>\n\t\t\t\t<\/div>\n\t\t\t\t<div class=\"elementor-element elementor-element-6ab494d elementor-widget elementor-widget-text-editor\" data-id=\"6ab494d\" data-element_type=\"widget\" data-widget_type=\"text-editor.default\">\n\t\t\t\t\t\t\t\t\t<p>Veszpr\u00e9m, Hungary<\/p>\t\t\t\t\t\t\t\t<\/div>\n\t\t\t\t<\/div>\n\t\t\t\t<\/div>\n\t\t\t\t<div class=\"elementor-element elementor-element-81d7319 elementor-button-align-start elementor-widget elementor-widget-form\" data-id=\"81d7319\" data-element_type=\"widget\" data-settings=\"{&quot;step_next_label&quot;:&quot;Next&quot;,&quot;step_previous_label&quot;:&quot;Previous&quot;,&quot;button_width&quot;:&quot;100&quot;,&quot;step_type&quot;:&quot;number_text&quot;,&quot;step_icon_shape&quot;:&quot;circle&quot;}\" data-widget_type=\"form.default\">\n\t\t\t\t\t\t\t<form class=\"elementor-form\" method=\"post\" name=\"New Form\" aria-label=\"New Form\" action=\"\">\n\t\t\t<input type=\"hidden\" name=\"post_id\" value=\"3362\"\/>\n\t\t\t<input type=\"hidden\" name=\"form_id\" value=\"81d7319\"\/>\n\t\t\t<input type=\"hidden\" name=\"referer_title\" value=\"Filmsman Productions\" \/>\n\n\t\t\t\n\t\t\t<div class=\"elementor-form-fields-wrapper elementor-labels-above\">\n\t\t\t\t\t\t\t\t<div class=\"elementor-field-type-text elementor-field-group elementor-column elementor-field-group-name elementor-col-100 elementor-field-required elementor-mark-required\">\n\t\t\t\t\t\t\t\t\t\t\t\t<label for=\"form-field-name\" class=\"elementor-field-label\">\n\t\t\t\t\t\t\t\tN\u00e9v\t\t\t\t\t\t\t<\/label>\n\t\t\t\t\t\t\t\t\t\t\t\t\t\t<input size=\"1\" type=\"text\" name=\"form_fields[name]\" id=\"form-field-name\" class=\"elementor-field elementor-size-sm  elementor-field-textual\" placeholder=\"N\u00e9v\" required=\"required\">\n\t\t\t\t\t\t\t\t\t\t\t<\/div>\n\t\t\t\t\t\t\t\t<div class=\"elementor-field-type-email elementor-field-group elementor-column elementor-field-group-email elementor-col-100 elementor-field-required elementor-mark-required\">\n\t\t\t\t\t\t\t\t\t\t\t\t<label for=\"form-field-email\" class=\"elementor-field-label\">\n\t\t\t\t\t\t\t\tEmail\t\t\t\t\t\t\t<\/label>\n\t\t\t\t\t\t\t\t\t\t\t\t\t\t<input size=\"1\" type=\"email\" name=\"form_fields[email]\" id=\"form-field-email\" class=\"elementor-field elementor-size-sm  elementor-field-textual\" placeholder=\"Email\" required=\"required\">\n\t\t\t\t\t\t\t\t\t\t\t<\/div>\n\t\t\t\t\t\t\t\t<div class=\"elementor-field-type-text elementor-field-group elementor-column elementor-field-group-field_afa7305 elementor-col-100\">\n\t\t\t\t\t\t\t\t\t\t\t\t<label for=\"form-field-field_afa7305\" class=\"elementor-field-label\">\n\t\t\t\t\t\t\t\tTelefonsz\u00e1m\t\t\t\t\t\t\t<\/label>\n\t\t\t\t\t\t\t\t\t\t\t\t\t\t<input size=\"1\" type=\"text\" name=\"form_fields[field_afa7305]\" id=\"form-field-field_afa7305\" class=\"elementor-field elementor-size-sm  elementor-field-textual\" placeholder=\"Telefonsz\u00e1m\">\n\t\t\t\t\t\t\t\t\t\t\t<\/div>\n\t\t\t\t\t\t\t\t<div class=\"elementor-field-type-textarea elementor-field-group elementor-column elementor-field-group-message elementor-col-100 elementor-field-required elementor-mark-required\">\n\t\t\t\t\t\t\t\t\t\t\t\t<label for=\"form-field-message\" class=\"elementor-field-label\">\n\t\t\t\t\t\t\t\t\u00dczenet\t\t\t\t\t\t\t<\/label>\n\t\t\t\t\t\t<textarea class=\"elementor-field-textual elementor-field  elementor-size-sm\" name=\"form_fields[message]\" id=\"form-field-message\" rows=\"6\" placeholder=\"\u00dczenet\" required=\"required\"><\/textarea>\t\t\t\t<\/div>\n\t\t\t\t\t\t\t\t<div class=\"elementor-field-group elementor-column elementor-field-type-submit elementor-col-100 e-form__buttons\">\n\t\t\t\t\t<button class=\"elementor-button elementor-size-sm\" type=\"submit\">\n\t\t\t\t\t\t<span class=\"elementor-button-content-wrapper\">\n\t\t\t\t\t\t\t\t\t\t\t\t\t\t\t\t\t\t\t\t\t\t<span class=\"elementor-button-text\">\u00dczenet k\u00fcld\u00e9se<\/span>\n\t\t\t\t\t\t\t\t\t\t\t\t\t<\/span>\n\t\t\t\t\t<\/button>\n\t\t\t\t<\/div>\n\t\t\t<\/div>\n\t\t<input type=\"hidden\" name=\"trp-form-language\" value=\"hu\"\/><\/form>\n\t\t\t\t\t\t<\/div>\n\t\t\t\t\t<\/div>\n\t\t\t\t<\/div>\n\t\t\t\t<\/div>","protected":false},"excerpt":{"rendered":"<p>Contact Us We&#8217;re here to help if you have any questions! hello@filmsman.hu Veszpr\u00e9m, Hungary<\/p>","protected":false},"author":1,"featured_media":0,"parent":0,"menu_order":0,"comment_status":"closed","ping_status":"closed","template":"elementor_theme","meta":{"footnotes":""},"class_list":["post-3362","page","type-page","status-publish","hentry"],"yoast_head":"<!-- This site is optimized with the Yoast SEO plugin v20.13 - https:\/\/yoast.com\/wordpress\/plugins\/seo\/ -->\n<title>Contact &ndash; Filmsman Productions<\/title>\n<meta name=\"robots\" content=\"index, follow, max-snippet:-1, max-image-preview:large, max-video-preview:-1\" \/>\n<link rel=\"canonical\" href=\"https:\/\/filmsman.hu\/hu\/contact\/\" \/>\n<meta property=\"og:locale\" content=\"hu_HU\" \/>\n<meta property=\"og:type\" content=\"article\" \/>\n<meta property=\"og:title\" content=\"Contact &ndash; Filmsman Productions\" \/>\n<meta property=\"og:description\" content=\"Contact Us We&#8217;re here to help if you have any questions! hello@filmsman.hu Veszpr\u00e9m, Hungary\" \/>\n<meta property=\"og:url\" content=\"https:\/\/filmsman.hu\/hu\/contact\/\" \/>\n<meta property=\"og:site_name\" content=\"Filmsman Productions\" \/>\n<meta property=\"article:modified_time\" content=\"2026-01-28T09:22:39+00:00\" \/>\n<meta name=\"twitter:card\" content=\"summary_large_image\" \/>\n<script type=\"application\/ld+json\" class=\"yoast-schema-graph\">{\"@context\":\"https:\/\/schema.org\",\"@graph\":[{\"@type\":\"WebPage\",\"@id\":\"https:\/\/filmsman.hu\/contact\/\",\"url\":\"https:\/\/filmsman.hu\/contact\/\",\"name\":\"Contact &ndash; Filmsman Productions\",\"isPartOf\":{\"@id\":\"https:\/\/filmsman.hu\/#website\"},\"datePublished\":\"2025-10-08T12:15:38+00:00\",\"dateModified\":\"2026-01-28T09:22:39+00:00\",\"breadcrumb\":{\"@id\":\"https:\/\/filmsman.hu\/contact\/#breadcrumb\"},\"inLanguage\":\"hu\",\"potentialAction\":[{\"@type\":\"ReadAction\",\"target\":[\"https:\/\/filmsman.hu\/contact\/\"]}]},{\"@type\":\"BreadcrumbList\",\"@id\":\"https:\/\/filmsman.hu\/contact\/#breadcrumb\",\"itemListElement\":[{\"@type\":\"ListItem\",\"position\":1,\"name\":\"Home\",\"item\":\"https:\/\/filmsman.hu\/\"},{\"@type\":\"ListItem\",\"position\":2,\"name\":\"Contact\"}]},{\"@type\":\"WebSite\",\"@id\":\"https:\/\/filmsman.hu\/#website\",\"url\":\"https:\/\/filmsman.hu\/\",\"name\":\"Filmsman Productions - Vide\u00f3 marketing\",\"description\":\"Vide\u00f3s strat\u00e9gia\",\"potentialAction\":[{\"@type\":\"SearchAction\",\"target\":{\"@type\":\"EntryPoint\",\"urlTemplate\":\"https:\/\/filmsman.hu\/?s={search_term_string}\"},\"query-input\":\"required name=search_term_string\"}],\"inLanguage\":\"hu\"}]}<\/script>\n<!-- \/ Yoast SEO plugin. -->","yoast_head_json":{"title":"Contact &ndash; Filmsman Productions","robots":{"index":"index","follow":"follow","max-snippet":"max-snippet:-1","max-image-preview":"max-image-preview:large","max-video-preview":"max-video-preview:-1"},"canonical":"https:\/\/filmsman.hu\/hu\/contact\/","og_locale":"hu_HU","og_type":"article","og_title":"Contact &ndash; Filmsman Productions","og_description":"Contact Us We&#8217;re here to help if you have any questions! hello@filmsman.hu Veszpr\u00e9m, Hungary","og_url":"https:\/\/filmsman.hu\/hu\/contact\/","og_site_name":"Filmsman Productions","article_modified_time":"2026-01-28T09:22:39+00:00","twitter_card":"summary_large_image","schema":{"@context":"https:\/\/schema.org","@graph":[{"@type":"WebPage","@id":"https:\/\/filmsman.hu\/contact\/","url":"https:\/\/filmsman.hu\/contact\/","name":"Contact &ndash; Filmsman Productions","isPartOf":{"@id":"https:\/\/filmsman.hu\/#website"},"datePublished":"2025-10-08T12:15:38+00:00","dateModified":"2026-01-28T09:22:39+00:00","breadcrumb":{"@id":"https:\/\/filmsman.hu\/contact\/#breadcrumb"},"inLanguage":"hu","potentialAction":[{"@type":"ReadAction","target":["https:\/\/filmsman.hu\/contact\/"]}]},{"@type":"BreadcrumbList","@id":"https:\/\/filmsman.hu\/contact\/#breadcrumb","itemListElement":[{"@type":"ListItem","position":1,"name":"Home","item":"https:\/\/filmsman.hu\/"},{"@type":"ListItem","position":2,"name":"Contact"}]},{"@type":"WebSite","@id":"https:\/\/filmsman.hu\/#website","url":"https:\/\/filmsman.hu\/","name":"Filmsman Productions - Vide\u00f3 marketing","description":"Vide\u00f3s strat\u00e9gia","potentialAction":[{"@type":"SearchAction","target":{"@type":"EntryPoint","urlTemplate":"https:\/\/filmsman.hu\/?s={search_term_string}"},"query-input":"required name=search_term_string"}],"inLanguage":"hu"}]}},"_links":{"self":[{"href":"https:\/\/filmsman.hu\/hu\/wp-json\/wp\/v2\/pages\/3362","targetHints":{"allow":["GET"]}}],"collection":[{"href":"https:\/\/filmsman.hu\/hu\/wp-json\/wp\/v2\/pages"}],"about":[{"href":"https:\/\/filmsman.hu\/hu\/wp-json\/wp\/v2\/types\/page"}],"author":[{"embeddable":true,"href":"https:\/\/filmsman.hu\/hu\/wp-json\/wp\/v2\/users\/1"}],"replies":[{"embeddable":true,"href":"https:\/\/filmsman.hu\/hu\/wp-json\/wp\/v2\/comments?post=3362"}],"version-history":[{"count":4,"href":"https:\/\/filmsman.hu\/hu\/wp-json\/wp\/v2\/pages\/3362\/revisions"}],"predecessor-version":[{"id":4040,"href":"https:\/\/filmsman.hu\/hu\/wp-json\/wp\/v2\/pages\/3362\/revisions\/4040"}],"wp:attachment":[{"href":"https:\/\/filmsman.hu\/hu\/wp-json\/wp\/v2\/media?parent=3362"}],"curies":[{"name":"wp","href":"https:\/\/api.w.org\/{rel}","templated":true}]}}