{"id":865,"date":"2022-10-03T11:25:14","date_gmt":"2022-10-03T11:25:14","guid":{"rendered":"https:\/\/filmsman.hu\/?page_id=865"},"modified":"2023-05-18T12:59:43","modified_gmt":"2023-05-18T12:59:43","slug":"referenciak","status":"publish","type":"page","link":"https:\/\/filmsman.hu\/hu\/referenciak\/","title":{"rendered":"Referenci\u00e1k"},"content":{"rendered":"<div data-elementor-type=\"wp-page\" data-elementor-id=\"865\" class=\"elementor elementor-865\" data-elementor-post-type=\"page\">\n\t\t\t\t<div class=\"elementor-element elementor-element-e09c480 e-flex e-con-boxed e-con e-parent\" data-id=\"e09c480\" data-element_type=\"container\" data-settings=\"{&quot;background_background&quot;:&quot;classic&quot;}\">\n\t\t\t\t\t<div class=\"e-con-inner\">\n\t\t<div class=\"elementor-element elementor-element-ada7d44 e-con-full e-flex e-con e-child\" data-id=\"ada7d44\" data-element_type=\"container\">\n\t\t\t\t<div class=\"elementor-element elementor-element-c77ef05 elementor-widget elementor-widget-heading\" data-id=\"c77ef05\" data-element_type=\"widget\" data-widget_type=\"heading.default\">\n\t\t\t\t\t<h1 class=\"elementor-heading-title elementor-size-default\">Referenci\u00e1ink<\/h1>\t\t\t\t<\/div>\n\t\t\t\t<div class=\"elementor-element elementor-element-51a2ef6 elementor-widget elementor-widget-text-editor\" data-id=\"51a2ef6\" data-element_type=\"widget\" data-widget_type=\"text-editor.default\">\n\t\t\t\t\t\t\t\t\t<p>Tal\u00e1ljuk meg sz\u00e1modra is a megfelel\u0151 vide\u00f3-, \u00e9s filmt\u00edpusokat!<\/p>\t\t\t\t\t\t\t\t<\/div>\n\t\t<div class=\"elementor-element elementor-element-5679441 e-con-full e-flex e-con e-child\" data-id=\"5679441\" data-element_type=\"container\">\n\t\t<div class=\"elementor-element elementor-element-4ac8f26 e-con-full e-flex e-con e-child\" data-id=\"4ac8f26\" data-element_type=\"container\" data-settings=\"{&quot;background_background&quot;:&quot;classic&quot;}\">\n\t\t\t\t<div class=\"elementor-element elementor-element-087f144 elementor-widget elementor-widget-heading\" data-id=\"087f144\" data-element_type=\"widget\" data-widget_type=\"heading.default\">\n\t\t\t\t\t<h2 class=\"elementor-heading-title elementor-size-default\">Rekl\u00e1mfilmek<\/h2>\t\t\t\t<\/div>\n\t\t\t\t<div class=\"elementor-element elementor-element-ef7b2ea elementor-widget elementor-widget-button\" data-id=\"ef7b2ea\" data-element_type=\"widget\" data-widget_type=\"button.default\">\n\t\t\t\t\t\t\t\t\t\t<a class=\"elementor-button elementor-button-link elementor-size-sm\" href=\"https:\/\/filmsman.hu\/hu\/reklamfilmek\/\">\n\t\t\t\t\t\t<span class=\"elementor-button-content-wrapper\">\n\t\t\t\t\t\t<span class=\"elementor-button-icon\">\n\t\t\t\t<svg aria-hidden=\"true\" class=\"e-font-icon-svg e-fas-angle-right\" viewbox=\"0 0 256 512\" xmlns=\"http:\/\/www.w3.org\/2000\/svg\"><path d=\"M224.3 273l-136 136c-9.4 9.4-24.6 9.4-33.9 0l-22.6-22.6c-9.4-9.4-9.4-24.6 0-33.9l96.4-96.4-96.4-96.4c-9.4-9.4-9.4-24.6 0-33.9L54.3 103c9.4-9.4 24.6-9.4 33.9 0l136 136c9.5 9.4 9.5 24.6.1 34z\"><\/path><\/svg>\t\t\t<\/span>\n\t\t\t\t\t\t\t\t\t<span class=\"elementor-button-text\">Megtekint\u00e9s<\/span>\n\t\t\t\t\t<\/span>\n\t\t\t\t\t<\/a>\n\t\t\t\t\t\t\t\t<\/div>\n\t\t\t\t<\/div>\n\t\t<div class=\"elementor-element elementor-element-27d3d9d e-con-full e-flex e-con e-child\" data-id=\"27d3d9d\" data-element_type=\"container\" data-settings=\"{&quot;background_background&quot;:&quot;classic&quot;}\">\n\t\t\t\t<div class=\"elementor-element elementor-element-4fe1aaf elementor-widget elementor-widget-heading\" data-id=\"4fe1aaf\" data-element_type=\"widget\" data-widget_type=\"heading.default\">\n\t\t\t\t\t<h2 class=\"elementor-heading-title elementor-size-default\">Bemutat\u00f3-, \u00e9s image filmek<\/h2>\t\t\t\t<\/div>\n\t\t\t\t<div class=\"elementor-element elementor-element-25aea1c elementor-widget elementor-widget-button\" data-id=\"25aea1c\" data-element_type=\"widget\" data-widget_type=\"button.default\">\n\t\t\t\t\t\t\t\t\t\t<a class=\"elementor-button elementor-button-link elementor-size-sm\" href=\"https:\/\/filmsman.hu\/hu\/bemutato-es-image-filmek\/\">\n\t\t\t\t\t\t<span class=\"elementor-button-content-wrapper\">\n\t\t\t\t\t\t<span class=\"elementor-button-icon\">\n\t\t\t\t<svg aria-hidden=\"true\" class=\"e-font-icon-svg e-fas-angle-right\" viewbox=\"0 0 256 512\" xmlns=\"http:\/\/www.w3.org\/2000\/svg\"><path d=\"M224.3 273l-136 136c-9.4 9.4-24.6 9.4-33.9 0l-22.6-22.6c-9.4-9.4-9.4-24.6 0-33.9l96.4-96.4-96.4-96.4c-9.4-9.4-9.4-24.6 0-33.9L54.3 103c9.4-9.4 24.6-9.4 33.9 0l136 136c9.5 9.4 9.5 24.6.1 34z\"><\/path><\/svg>\t\t\t<\/span>\n\t\t\t\t\t\t\t\t\t<span class=\"elementor-button-text\">Megtekint\u00e9s<\/span>\n\t\t\t\t\t<\/span>\n\t\t\t\t\t<\/a>\n\t\t\t\t\t\t\t\t<\/div>\n\t\t\t\t<\/div>\n\t\t<div class=\"elementor-element elementor-element-b1f1bcb e-con-full e-flex e-con e-child\" data-id=\"b1f1bcb\" data-element_type=\"container\" data-settings=\"{&quot;background_background&quot;:&quot;classic&quot;}\">\n\t\t\t\t<div class=\"elementor-element elementor-element-37d1937 elementor-widget elementor-widget-heading\" data-id=\"37d1937\" data-element_type=\"widget\" data-widget_type=\"heading.default\">\n\t\t\t\t\t<h2 class=\"elementor-heading-title elementor-size-default\">Term\u00e9kvide\u00f3k<\/h2>\t\t\t\t<\/div>\n\t\t\t\t<div class=\"elementor-element elementor-element-29bdd6b elementor-widget elementor-widget-button\" data-id=\"29bdd6b\" data-element_type=\"widget\" data-widget_type=\"button.default\">\n\t\t\t\t\t\t\t\t\t\t<a class=\"elementor-button elementor-button-link elementor-size-sm\" href=\"https:\/\/filmsman.hu\/hu\/termekvideok\/\">\n\t\t\t\t\t\t<span class=\"elementor-button-content-wrapper\">\n\t\t\t\t\t\t<span class=\"elementor-button-icon\">\n\t\t\t\t<svg aria-hidden=\"true\" class=\"e-font-icon-svg e-fas-angle-right\" viewbox=\"0 0 256 512\" xmlns=\"http:\/\/www.w3.org\/2000\/svg\"><path d=\"M224.3 273l-136 136c-9.4 9.4-24.6 9.4-33.9 0l-22.6-22.6c-9.4-9.4-9.4-24.6 0-33.9l96.4-96.4-96.4-96.4c-9.4-9.4-9.4-24.6 0-33.9L54.3 103c9.4-9.4 24.6-9.4 33.9 0l136 136c9.5 9.4 9.5 24.6.1 34z\"><\/path><\/svg>\t\t\t<\/span>\n\t\t\t\t\t\t\t\t\t<span class=\"elementor-button-text\">Megtekint\u00e9s<\/span>\n\t\t\t\t\t<\/span>\n\t\t\t\t\t<\/a>\n\t\t\t\t\t\t\t\t<\/div>\n\t\t\t\t<\/div>\n\t\t<div class=\"elementor-element elementor-element-5ad74bc e-con-full e-flex e-con e-child\" data-id=\"5ad74bc\" data-element_type=\"container\" data-settings=\"{&quot;background_background&quot;:&quot;classic&quot;}\">\n\t\t\t\t<div class=\"elementor-element elementor-element-06fc11e elementor-widget elementor-widget-heading\" data-id=\"06fc11e\" data-element_type=\"widget\" data-widget_type=\"heading.default\">\n\t\t\t\t\t<h2 class=\"elementor-heading-title elementor-size-default\">\u00dcgyf\u00e9lv\u00e9lem\u00e9ny vide\u00f3k<\/h2>\t\t\t\t<\/div>\n\t\t\t\t<div class=\"elementor-element elementor-element-d628e85 elementor-widget elementor-widget-button\" data-id=\"d628e85\" data-element_type=\"widget\" data-widget_type=\"button.default\">\n\t\t\t\t\t\t\t\t\t\t<a class=\"elementor-button elementor-button-link elementor-size-sm\" href=\"https:\/\/filmsman.hu\/hu\/ugyfelvelemeny-videok\/\">\n\t\t\t\t\t\t<span class=\"elementor-button-content-wrapper\">\n\t\t\t\t\t\t<span class=\"elementor-button-icon\">\n\t\t\t\t<svg aria-hidden=\"true\" class=\"e-font-icon-svg e-fas-angle-right\" viewbox=\"0 0 256 512\" xmlns=\"http:\/\/www.w3.org\/2000\/svg\"><path d=\"M224.3 273l-136 136c-9.4 9.4-24.6 9.4-33.9 0l-22.6-22.6c-9.4-9.4-9.4-24.6 0-33.9l96.4-96.4-96.4-96.4c-9.4-9.4-9.4-24.6 0-33.9L54.3 103c9.4-9.4 24.6-9.4 33.9 0l136 136c9.5 9.4 9.5 24.6.1 34z\"><\/path><\/svg>\t\t\t<\/span>\n\t\t\t\t\t\t\t\t\t<span class=\"elementor-button-text\">Megtekint\u00e9s<\/span>\n\t\t\t\t\t<\/span>\n\t\t\t\t\t<\/a>\n\t\t\t\t\t\t\t\t<\/div>\n\t\t\t\t<\/div>\n\t\t<div class=\"elementor-element elementor-element-428edb9 e-con-full e-flex e-con e-child\" data-id=\"428edb9\" data-element_type=\"container\" data-settings=\"{&quot;background_background&quot;:&quot;classic&quot;}\">\n\t\t\t\t<div class=\"elementor-element elementor-element-40178b2 elementor-widget elementor-widget-heading\" data-id=\"40178b2\" data-element_type=\"widget\" data-widget_type=\"heading.default\">\n\t\t\t\t\t<h2 class=\"elementor-heading-title elementor-size-default\">Rendezv\u00e9nyfilmek<\/h2>\t\t\t\t<\/div>\n\t\t\t\t<div class=\"elementor-element elementor-element-af0318e elementor-widget elementor-widget-button\" data-id=\"af0318e\" data-element_type=\"widget\" data-widget_type=\"button.default\">\n\t\t\t\t\t\t\t\t\t\t<a class=\"elementor-button elementor-button-link elementor-size-sm\" href=\"https:\/\/filmsman.hu\/hu\/rendezvenyfilmek\/\">\n\t\t\t\t\t\t<span class=\"elementor-button-content-wrapper\">\n\t\t\t\t\t\t<span class=\"elementor-button-icon\">\n\t\t\t\t<svg aria-hidden=\"true\" class=\"e-font-icon-svg e-fas-angle-right\" viewbox=\"0 0 256 512\" xmlns=\"http:\/\/www.w3.org\/2000\/svg\"><path d=\"M224.3 273l-136 136c-9.4 9.4-24.6 9.4-33.9 0l-22.6-22.6c-9.4-9.4-9.4-24.6 0-33.9l96.4-96.4-96.4-96.4c-9.4-9.4-9.4-24.6 0-33.9L54.3 103c9.4-9.4 24.6-9.4 33.9 0l136 136c9.5 9.4 9.5 24.6.1 34z\"><\/path><\/svg>\t\t\t<\/span>\n\t\t\t\t\t\t\t\t\t<span class=\"elementor-button-text\">Megtekint\u00e9s<\/span>\n\t\t\t\t\t<\/span>\n\t\t\t\t\t<\/a>\n\t\t\t\t\t\t\t\t<\/div>\n\t\t\t\t<\/div>\n\t\t<div class=\"elementor-element elementor-element-1c6a530 e-con-full e-flex e-con e-child\" data-id=\"1c6a530\" data-element_type=\"container\" data-settings=\"{&quot;background_background&quot;:&quot;classic&quot;}\">\n\t\t\t\t<div class=\"elementor-element elementor-element-51d345d elementor-widget elementor-widget-heading\" data-id=\"51d345d\" data-element_type=\"widget\" data-widget_type=\"heading.default\">\n\t\t\t\t\t<h2 class=\"elementor-heading-title elementor-size-default\">Turisztikai filmek<\/h2>\t\t\t\t<\/div>\n\t\t\t\t<div class=\"elementor-element elementor-element-b295f96 elementor-widget elementor-widget-button\" data-id=\"b295f96\" data-element_type=\"widget\" data-widget_type=\"button.default\">\n\t\t\t\t\t\t\t\t\t\t<a class=\"elementor-button elementor-button-link elementor-size-sm\" href=\"https:\/\/filmsman.hu\/hu\/turisztikai-filmek\/\">\n\t\t\t\t\t\t<span class=\"elementor-button-content-wrapper\">\n\t\t\t\t\t\t<span class=\"elementor-button-icon\">\n\t\t\t\t<svg aria-hidden=\"true\" class=\"e-font-icon-svg e-fas-angle-right\" viewbox=\"0 0 256 512\" xmlns=\"http:\/\/www.w3.org\/2000\/svg\"><path d=\"M224.3 273l-136 136c-9.4 9.4-24.6 9.4-33.9 0l-22.6-22.6c-9.4-9.4-9.4-24.6 0-33.9l96.4-96.4-96.4-96.4c-9.4-9.4-9.4-24.6 0-33.9L54.3 103c9.4-9.4 24.6-9.4 33.9 0l136 136c9.5 9.4 9.5 24.6.1 34z\"><\/path><\/svg>\t\t\t<\/span>\n\t\t\t\t\t\t\t\t\t<span class=\"elementor-button-text\">Megtekint\u00e9s<\/span>\n\t\t\t\t\t<\/span>\n\t\t\t\t\t<\/a>\n\t\t\t\t\t\t\t\t<\/div>\n\t\t\t\t<\/div>\n\t\t<div class=\"elementor-element elementor-element-1345f20 e-con-full e-flex e-con e-child\" data-id=\"1345f20\" data-element_type=\"container\" data-settings=\"{&quot;background_background&quot;:&quot;classic&quot;}\">\n\t\t\t\t<div class=\"elementor-element elementor-element-8137388 elementor-widget elementor-widget-heading\" data-id=\"8137388\" data-element_type=\"widget\" data-widget_type=\"heading.default\">\n\t\t\t\t\t<h2 class=\"elementor-heading-title elementor-size-default\">Esk\u00fcv\u0151i filmek<\/h2>\t\t\t\t<\/div>\n\t\t\t\t<div class=\"elementor-element elementor-element-7a134a5 elementor-widget elementor-widget-button\" data-id=\"7a134a5\" data-element_type=\"widget\" data-widget_type=\"button.default\">\n\t\t\t\t\t\t\t\t\t\t<a class=\"elementor-button elementor-button-link elementor-size-sm\" href=\"https:\/\/filmsman.hu\/hu\/eskuvoi-filmek\/\">\n\t\t\t\t\t\t<span class=\"elementor-button-content-wrapper\">\n\t\t\t\t\t\t<span class=\"elementor-button-icon\">\n\t\t\t\t<svg aria-hidden=\"true\" class=\"e-font-icon-svg e-fas-angle-right\" viewbox=\"0 0 256 512\" xmlns=\"http:\/\/www.w3.org\/2000\/svg\"><path d=\"M224.3 273l-136 136c-9.4 9.4-24.6 9.4-33.9 0l-22.6-22.6c-9.4-9.4-9.4-24.6 0-33.9l96.4-96.4-96.4-96.4c-9.4-9.4-9.4-24.6 0-33.9L54.3 103c9.4-9.4 24.6-9.4 33.9 0l136 136c9.5 9.4 9.5 24.6.1 34z\"><\/path><\/svg>\t\t\t<\/span>\n\t\t\t\t\t\t\t\t\t<span class=\"elementor-button-text\">Megtekint\u00e9s<\/span>\n\t\t\t\t\t<\/span>\n\t\t\t\t\t<\/a>\n\t\t\t\t\t\t\t\t<\/div>\n\t\t\t\t<\/div>\n\t\t\t\t<\/div>\n\t\t\t\t<\/div>\n\t\t\t\t\t<\/div>\n\t\t\t\t<\/div>\n\t\t\t\t<\/div>","protected":false},"excerpt":{"rendered":"<p>Referenci\u00e1ink Tal\u00e1ljuk meg sz\u00e1modra is a megfelel\u0151 vide\u00f3-, \u00e9s filmt\u00edpusokat! Rekl\u00e1mfilmek Megtekint\u00e9s Bemutat\u00f3-, \u00e9s image filmek Megtekint\u00e9s Term\u00e9kvide\u00f3k Megtekint\u00e9s \u00dcgyf\u00e9lv\u00e9lem\u00e9ny vide\u00f3k Megtekint\u00e9s Rendezv\u00e9nyfilmek Megtekint\u00e9s Turisztikai filmek Megtekint\u00e9s Esk\u00fcv\u0151i filmek Megtekint\u00e9s<\/p>","protected":false},"author":1,"featured_media":0,"parent":0,"menu_order":0,"comment_status":"closed","ping_status":"closed","template":"elementor_header_footer","meta":{"footnotes":""},"class_list":["post-865","page","type-page","status-publish","hentry"],"yoast_head":"<!-- This site is optimized with the Yoast SEO plugin v20.13 - https:\/\/yoast.com\/wordpress\/plugins\/seo\/ -->\n<title>Referenci\u00e1k &ndash; Filmsman Productions<\/title>\n<meta name=\"robots\" content=\"index, follow, max-snippet:-1, max-image-preview:large, max-video-preview:-1\" \/>\n<link rel=\"canonical\" href=\"https:\/\/filmsman.hu\/hu\/referenciak\/\" \/>\n<meta property=\"og:locale\" content=\"hu_HU\" \/>\n<meta property=\"og:type\" content=\"article\" \/>\n<meta property=\"og:title\" content=\"Referenci\u00e1k &ndash; Filmsman Productions\" \/>\n<meta property=\"og:description\" content=\"Referenci\u00e1ink Tal\u00e1ljuk meg sz\u00e1modra is a megfelel\u0151 vide\u00f3-, \u00e9s filmt\u00edpusokat! Rekl\u00e1mfilmek Megtekint\u00e9s Bemutat\u00f3-, \u00e9s image filmek Megtekint\u00e9s Term\u00e9kvide\u00f3k Megtekint\u00e9s \u00dcgyf\u00e9lv\u00e9lem\u00e9ny vide\u00f3k Megtekint\u00e9s Rendezv\u00e9nyfilmek Megtekint\u00e9s Turisztikai filmek Megtekint\u00e9s Esk\u00fcv\u0151i filmek Megtekint\u00e9s\" \/>\n<meta property=\"og:url\" content=\"https:\/\/filmsman.hu\/hu\/referenciak\/\" \/>\n<meta property=\"og:site_name\" content=\"Filmsman Productions\" \/>\n<meta property=\"article:modified_time\" content=\"2023-05-18T12:59:43+00:00\" \/>\n<meta name=\"twitter:card\" content=\"summary_large_image\" \/>\n<meta name=\"twitter:label1\" content=\"Becs\u00fclt olvas\u00e1si id\u0151\" \/>\n\t<meta name=\"twitter:data1\" content=\"1 perc\" \/>\n<script type=\"application\/ld+json\" class=\"yoast-schema-graph\">{\"@context\":\"https:\/\/schema.org\",\"@graph\":[{\"@type\":\"WebPage\",\"@id\":\"https:\/\/filmsman.hu\/referenciak\/\",\"url\":\"https:\/\/filmsman.hu\/referenciak\/\",\"name\":\"Referenci\u00e1k &ndash; Filmsman Productions\",\"isPartOf\":{\"@id\":\"https:\/\/filmsman.hu\/#website\"},\"datePublished\":\"2022-10-03T11:25:14+00:00\",\"dateModified\":\"2023-05-18T12:59:43+00:00\",\"breadcrumb\":{\"@id\":\"https:\/\/filmsman.hu\/referenciak\/#breadcrumb\"},\"inLanguage\":\"hu\",\"potentialAction\":[{\"@type\":\"ReadAction\",\"target\":[\"https:\/\/filmsman.hu\/referenciak\/\"]}]},{\"@type\":\"BreadcrumbList\",\"@id\":\"https:\/\/filmsman.hu\/referenciak\/#breadcrumb\",\"itemListElement\":[{\"@type\":\"ListItem\",\"position\":1,\"name\":\"Home\",\"item\":\"https:\/\/filmsman.hu\/\"},{\"@type\":\"ListItem\",\"position\":2,\"name\":\"Referenci\u00e1k\"}]},{\"@type\":\"WebSite\",\"@id\":\"https:\/\/filmsman.hu\/#website\",\"url\":\"https:\/\/filmsman.hu\/\",\"name\":\"Filmsman Productions - Vide\u00f3 marketing\",\"description\":\"Vide\u00f3s strat\u00e9gia\",\"potentialAction\":[{\"@type\":\"SearchAction\",\"target\":{\"@type\":\"EntryPoint\",\"urlTemplate\":\"https:\/\/filmsman.hu\/?s={search_term_string}\"},\"query-input\":\"required name=search_term_string\"}],\"inLanguage\":\"hu\"}]}<\/script>\n<!-- \/ Yoast SEO plugin. -->","yoast_head_json":{"title":"Referenci\u00e1k &ndash; Filmsman Productions","robots":{"index":"index","follow":"follow","max-snippet":"max-snippet:-1","max-image-preview":"max-image-preview:large","max-video-preview":"max-video-preview:-1"},"canonical":"https:\/\/filmsman.hu\/hu\/referenciak\/","og_locale":"hu_HU","og_type":"article","og_title":"Referenci\u00e1k &ndash; Filmsman Productions","og_description":"Referenci\u00e1ink Tal\u00e1ljuk meg sz\u00e1modra is a megfelel\u0151 vide\u00f3-, \u00e9s filmt\u00edpusokat! Rekl\u00e1mfilmek Megtekint\u00e9s Bemutat\u00f3-, \u00e9s image filmek Megtekint\u00e9s Term\u00e9kvide\u00f3k Megtekint\u00e9s \u00dcgyf\u00e9lv\u00e9lem\u00e9ny vide\u00f3k Megtekint\u00e9s Rendezv\u00e9nyfilmek Megtekint\u00e9s Turisztikai filmek Megtekint\u00e9s Esk\u00fcv\u0151i filmek Megtekint\u00e9s","og_url":"https:\/\/filmsman.hu\/hu\/referenciak\/","og_site_name":"Filmsman Productions","article_modified_time":"2023-05-18T12:59:43+00:00","twitter_card":"summary_large_image","twitter_misc":{"Becs\u00fclt olvas\u00e1si id\u0151":"1 perc"},"schema":{"@context":"https:\/\/schema.org","@graph":[{"@type":"WebPage","@id":"https:\/\/filmsman.hu\/referenciak\/","url":"https:\/\/filmsman.hu\/referenciak\/","name":"Referenci\u00e1k &ndash; Filmsman Productions","isPartOf":{"@id":"https:\/\/filmsman.hu\/#website"},"datePublished":"2022-10-03T11:25:14+00:00","dateModified":"2023-05-18T12:59:43+00:00","breadcrumb":{"@id":"https:\/\/filmsman.hu\/referenciak\/#breadcrumb"},"inLanguage":"hu","potentialAction":[{"@type":"ReadAction","target":["https:\/\/filmsman.hu\/referenciak\/"]}]},{"@type":"BreadcrumbList","@id":"https:\/\/filmsman.hu\/referenciak\/#breadcrumb","itemListElement":[{"@type":"ListItem","position":1,"name":"Home","item":"https:\/\/filmsman.hu\/"},{"@type":"ListItem","position":2,"name":"Referenci\u00e1k"}]},{"@type":"WebSite","@id":"https:\/\/filmsman.hu\/#website","url":"https:\/\/filmsman.hu\/","name":"Filmsman Productions - Vide\u00f3 marketing","description":"Vide\u00f3s strat\u00e9gia","potentialAction":[{"@type":"SearchAction","target":{"@type":"EntryPoint","urlTemplate":"https:\/\/filmsman.hu\/?s={search_term_string}"},"query-input":"required name=search_term_string"}],"inLanguage":"hu"}]}},"_links":{"self":[{"href":"https:\/\/filmsman.hu\/hu\/wp-json\/wp\/v2\/pages\/865","targetHints":{"allow":["GET"]}}],"collection":[{"href":"https:\/\/filmsman.hu\/hu\/wp-json\/wp\/v2\/pages"}],"about":[{"href":"https:\/\/filmsman.hu\/hu\/wp-json\/wp\/v2\/types\/page"}],"author":[{"embeddable":true,"href":"https:\/\/filmsman.hu\/hu\/wp-json\/wp\/v2\/users\/1"}],"replies":[{"embeddable":true,"href":"https:\/\/filmsman.hu\/hu\/wp-json\/wp\/v2\/comments?post=865"}],"version-history":[{"count":0,"href":"https:\/\/filmsman.hu\/hu\/wp-json\/wp\/v2\/pages\/865\/revisions"}],"wp:attachment":[{"href":"https:\/\/filmsman.hu\/hu\/wp-json\/wp\/v2\/media?parent=865"}],"curies":[{"name":"wp","href":"https:\/\/api.w.org\/{rel}","templated":true}]}}